{"id":6316,"date":"2019-08-16T09:17:14","date_gmt":"2019-08-16T09:17:14","guid":{"rendered":"https:\/\/www.fercam-italia.com\/azienda\/"},"modified":"2023-10-14T08:08:25","modified_gmt":"2023-10-14T08:08:25","slug":"agence","status":"publish","type":"page","link":"https:\/\/www.fercam-italia.com\/fr\/agence\/","title":{"rendered":"Agence"},"content":{"rendered":"<p>[vc_row][vc_column parallax=\u00a0\u00bbcontent-moving\u00a0\u00bb parallax_image=\u00a0\u00bb4084&Prime; css=\u00a0\u00bb.vc_custom_1663164510673{background-position: center !important;background-repeat: no-repeat !important;background-size: cover !important;}\u00a0\u00bb][vc_empty_space height=\u00a0\u00bb450px\u00a0\u00bb][\/vc_column][\/vc_row][vc_row equal_height=\u00a0\u00bbyes\u00a0\u00bb css=\u00a0\u00bb.vc_custom_1663145873546{padding-top: 145px !important;padding-bottom: 132px !important;}\u00a0\u00bb][vc_column width=\u00a0\u00bb1\/4&Prime;][\/vc_column][vc_column width=\u00a0\u00bb1\/2&Prime;]<div class=\"mkdf-elements-holder   mkdf-one-column  mkdf-responsive-mode-768 \" ><div class=\"mkdf-eh-item   mkdf-horizontal-alignment-center  \" data-item-class=\"mkdf-eh-custom-9334\" data-1025-1399=\"0px 0px 0px 0px\" data-769-1024=\"0px 0px 0px 0px\" data-681-768=\"0px 0px 0px 0px\" data-680=\"0px 0px 0px 0px\">\n\t<div class=\"mkdf-eh-background-holder\"  ><\/div>\n\t<div class=\"mkdf-eh-item-inner\">\n\t\t<div class=\"mkdf-eh-item-content mkdf-eh-custom-9334\" style=\"padding: 0px 70px 0px 70px\">\n\t\t\t<div class=\"mkdf-section-title-holder  mkdf-st-top-tagline-position mkdf-st-center-position mkdf-st-bottom-image-position \" style=\"text-align: center\">\n\t<div class=\"mkdf-st-inner\">\n\t\t\t\t\t\t\t<span class=\"mkdf-st-tagline\" style=\"color: #e5e5e5;margin-bottom: 0px\">\n\t\t\t\tNouveaux Cosm\u00e9tiques\t\t\t<\/span>\n\t\t\t\t\t\t\t<h2 class=\"mkdf-st-title\" >\n\t\t\t\tFERCAM S.R.L.\t\t\t<\/h2>\n\t\t\t\t\t\t\t<h5 class=\"mkdf-st-subtitle\" style=\"font-size: 25px\">\n\t\t\t\tCr\u00e9\u00e9e en 1982, FERCAM op\u00e8re dans le secteur de la sous-traitance pour l'am\u00e9nagement et la construction de produits semi-finis cosm\u00e9tiques.<br \/>\nSp\u00e9cialis\u00e9 dans les poudres, les \u00e9mulsions et les coul\u00e9es. Apr\u00e8s l'acquisition par Cosmetic Service S.r.l., Fercam a \u00e9largi son savoir-faire gr\u00e2ce \u00e0 l'exp\u00e9rience de vingt ans de son nouveau partenaire, r\u00e9ussissant \u00e9galement \u00e0 \u00e9tendre sa cha\u00eene de production.\t\t\t<\/h5>\n\t\t\t\t\t\t\t\t\t\t\t<\/div>\n<\/div>[vc_column_text]<\/p>\n<p style=\"text-align: center;\">By<\/p>\n<p><a href=\"https:\/\/www.cosmeticservice.it\/\"><img loading=\"lazy\" decoding=\"async\" class=\"aligncenter wp-image-4223\" src=\"https:\/\/www.fercam-italia.com\/wp-content\/uploads\/2022\/04\/cosmeticservice-cosmetic-italia-logo-300x49.jpg\" alt=\"\" width=\"220\" height=\"36\" srcset=\"https:\/\/www.fercam-italia.com\/wp-content\/uploads\/2022\/04\/cosmeticservice-cosmetic-italia-logo-300x49.jpg 300w, https:\/\/www.fercam-italia.com\/wp-content\/uploads\/2022\/04\/cosmeticservice-cosmetic-italia-logo.jpg 367w\" sizes=\"auto, (max-width: 220px) 100vw, 220px\" \/><\/a>[\/vc_column_text]\t\t<\/div>\n\t\t\t<\/div>\n<\/div><\/div>[\/vc_column][vc_column width=\u00a0\u00bb1\/4&Prime;][\/vc_column][\/vc_row][vc_row equal_height=\u00a0\u00bbyes\u00a0\u00bb][vc_column][vc_masonry_media_grid element_width=\u00a0\u00bb2&Prime; gap=\u00a0\u00bb0&Prime; grid_id=\u00a0\u00bbvc_gid:1697270837748-fbdbe792-3953-9&Prime; include=\u00a0\u00bb4070,4072,4067,4073,4080,4082&Prime;][\/vc_column][\/vc_row][vc_row equal_height=\u00a0\u00bbyes\u00a0\u00bb][vc_column]<div class=\"mkdf-elements-holder   mkdf-two-columns  mkdf-responsive-mode-768 \" ><div class=\"mkdf-eh-item     \" data-item-class=\"mkdf-eh-custom-9224\" data-681-768=\"40% 0 40% 0%\" data-680=\"40% 0 40% 0%\">\n\t<div class=\"mkdf-eh-background-holder\" style=\"background-image: url(https:\/\/www.fercam-italia.com\/wp-content\/uploads\/2022\/09\/tendenza-fercam-1.jpg)\" ><\/div>\n\t<div class=\"mkdf-eh-item-inner\">\n\t\t<div class=\"mkdf-eh-item-content mkdf-eh-custom-9224\" style=\"padding: 0 0 0 0\">\n\t\t\t\t\t<\/div>\n\t\t\t<\/div>\n<\/div><div class=\"mkdf-eh-item     \" data-item-class=\"mkdf-eh-custom-2257\" data-1400-1600=\"120px 22% 120px 80px\" data-1025-1399=\"120px 22% 120px 80px\" data-769-1024=\"100px 16% 100px 40px\" data-681-768=\"140px 20% 140px 117px\" data-680=\"100px 7% 100px 35px\">\n\t<div class=\"mkdf-eh-background-holder\"  ><\/div>\n\t<div class=\"mkdf-eh-item-inner\">\n\t\t<div class=\"mkdf-eh-item-content mkdf-eh-custom-2257\" style=\"padding: 204px 34% 209px 117px\">\n\t\t\t<div class=\"mkdf-section-title-holder  mkdf-st-top-tagline-position mkdf-st-left-position mkdf-st-bottom-image-position \" style=\"text-align: left\">\n\t<div class=\"mkdf-st-inner\">\n\t\t\t\t\t\t\t<span class=\"mkdf-st-tagline\" style=\"margin-bottom: 8px\">\n\t\t\t\tMission\t\t\t<\/span>\n\t\t\t\t\t\t\t<h2 class=\"mkdf-st-title\" >\n\t\t\t\tNotre tendance\t\t\t<\/h2>\n\t\t\t\t\t\t\t<h5 class=\"mkdf-st-subtitle\" style=\"font-size: 28px;margin-top: 6px\">\n\t\t\t\tAnticipez et stimulez les besoins des clients en proposant des technologies innovantes et des effets visuels sophistiqu\u00e9s.\t\t\t<\/h5>\n\t\t\t\t\t\t\t<p class=\"mkdf-st-text\" style=\"font-size: 20px;margin-top: 19px\">\n\t\t\t\tToujours soucieuse de la qualit\u00e9, elle cr\u00e9e et promeut des produits qui refl\u00e8tent et anticipent les grandes tendances de la mode, cr\u00e9\u00e9s pour rehausser le charme et la beaut\u00e9 sans oublier la protection et le soin de la peau.\t\t\t<\/p>\n\t\t\t\t\t\t\t\t\t<\/div>\n<\/div>[vc_empty_space height=\u00a0\u00bb34px\u00a0\u00bb]\t\t<\/div>\n\t\t\t<\/div>\n<\/div><\/div>[\/vc_column][\/vc_row][vc_row equal_height=\u00a0\u00bbyes\u00a0\u00bb][vc_column]<div class=\"mkdf-elements-holder   mkdf-two-columns  mkdf-responsive-mode-768 \" ><div class=\"mkdf-eh-item     \" data-item-class=\"mkdf-eh-custom-8380\" data-1400-1600=\"120px 22% 120px 80px\" data-1025-1399=\"120px 22% 120px 80px\" data-769-1024=\"100px 16% 100px 40px\" data-681-768=\"140px 20% 140px 117px\" data-680=\"100px 7% 100px 35px\">\n\t<div class=\"mkdf-eh-background-holder\"  ><\/div>\n\t<div class=\"mkdf-eh-item-inner\">\n\t\t<div class=\"mkdf-eh-item-content mkdf-eh-custom-8380\" style=\"padding: 204px 34% 209px 117px\">\n\t\t\t<div class=\"mkdf-section-title-holder  mkdf-st-top-tagline-position mkdf-st-left-position mkdf-st-bottom-image-position \" style=\"text-align: left\">\n\t<div class=\"mkdf-st-inner\">\n\t\t\t\t\t\t\t<span class=\"mkdf-st-tagline\" style=\"margin-bottom: 8px\">\n\t\t\t\tTarghet\t\t\t<\/span>\n\t\t\t\t\t\t\t<h2 class=\"mkdf-st-title\" >\n\t\t\t\tNos plus\t\t\t<\/h2>\n\t\t\t\t\t\t\t\t\t<p class=\"mkdf-st-text\" style=\"font-size: 20px;margin-top: 19px\">\n\t\t\t\t- Large gamme de produits de haute qualit\u00e9<br \/>\n- Des formules innovantes d\u00e9velopp\u00e9es en interne par le laboratoire Recherche et D\u00e9veloppement<br \/>\n- S\u00e9lection rigoureuse des mati\u00e8res premi\u00e8res utilis\u00e9es<br \/>\n- Des \u00e9quipements \u00e0 la pointe de la technologie<br \/>\n- Processus de fabrication Made in Italy<br \/>\n- Offre de diff\u00e9rents types de service (service complet, remplissage, produits semi-finis)<br \/>\n- Flexibilit\u00e9 et ponctualit\u00e9 dans la livraison<br \/>\n- Respect des normes de haute qualit\u00e9<br \/>\n- Certification ISO 9001 &amp; ISO 22716 (BPF)<br \/>\n- Accompagner le client de la phase de d\u00e9veloppement du projet \u00e0 la vente du produit<br \/>\n- Assistance dans la fourniture de la documentation technique n\u00e9cessaire conform\u00e9ment aux lois cosm\u00e9tiques europ\u00e9ennes et internationale.\t\t\t<\/p>\n\t\t\t\t\t\t\t\t\t<\/div>\n<\/div>[vc_empty_space height=\u00a0\u00bb34px\u00a0\u00bb]<a itemprop=\"url\" href=\"https:\/\/www.fercam-italia.com\/fr\/contactez-nous\/\" target=\"_self\"  class=\"mkdf-btn mkdf-btn-medium mkdf-btn-outline\"  >\n    <span class=\"mkdf-btn-text\">CONTACT<\/span>\n    <\/a>\t\t<\/div>\n\t\t\t<\/div>\n<\/div><div class=\"mkdf-eh-item   mkdf-horizontal-alignment-center  \" data-item-class=\"mkdf-eh-custom-8883\" data-681-768=\"35% 0 35% 0\" data-680=\"65% 0 70% 0\">\n\t<div class=\"mkdf-eh-background-holder\" style=\"background-image: url(https:\/\/www.fercam-italia.com\/wp-content\/uploads\/2022\/09\/DSC00710-1.jpg)\" ><\/div>\n\t<div class=\"mkdf-eh-item-inner\">\n\t\t<div class=\"mkdf-eh-item-content mkdf-eh-custom-8883\" style=\"padding: 0 0 0 0\">\n\t\t\t\t\t<\/div>\n\t\t\t<\/div>\n<\/div><\/div>[\/vc_column][\/vc_row]<\/p>\n","protected":false},"excerpt":{"rendered":"<p>[vc_row][vc_column parallax=\u00a0\u00bbcontent-moving\u00a0\u00bb parallax_image=\u00a0\u00bb4084&Prime; css=\u00a0\u00bb.vc_custom_1663164510673{background-position: center !important;background-repeat: no-repeat !important;background-size: cover !important;}\u00a0\u00bb][vc_empty_space height=\u00a0\u00bb450px\u00a0\u00bb][\/vc_column][\/vc_row][vc_row equal_height=\u00a0\u00bbyes\u00a0\u00bb css=\u00a0\u00bb.vc_custom_1663145873546{padding-top: 145px !important;padding-bottom: 132px !important;}\u00a0\u00bb][vc_column width=\u00a0\u00bb1\/4&Prime;][\/vc_column][vc_column width=\u00a0\u00bb1\/2&Prime;][\/vc_column][vc_column width=\u00a0\u00bb1\/4&Prime;][\/vc_column][\/vc_row][vc_row equal_height=\u00a0\u00bbyes\u00a0\u00bb][vc_column][vc_masonry_media_grid element_width=\u00a0\u00bb2&Prime; gap=\u00a0\u00bb0&Prime; grid_id=\u00a0\u00bbvc_gid:1697270837748-fbdbe792-3953-9&Prime; include=\u00a0\u00bb4070,4072,4067,4073,4080,4082&Prime;][\/vc_column][\/vc_row][vc_row equal_height=\u00a0\u00bbyes\u00a0\u00bb][vc_column][\/vc_column][\/vc_row][vc_row equal_height=\u00a0\u00bbyes\u00a0\u00bb][vc_column][\/vc_column][\/vc_row]<\/p>\n","protected":false},"author":1,"featured_media":0,"parent":0,"menu_order":0,"comment_status":"closed","ping_status":"closed","template":"full-width.php","meta":{"footnotes":""},"class_list":["post-6316","page","type-page","status-publish","hentry"],"yoast_head":"<!-- This site is optimized with the Yoast SEO plugin v20.5 - https:\/\/yoast.com\/wordpress\/plugins\/seo\/ -->\n<title>Fercam Italia Cosmetics S.r.l. Production de produits semi-finis pour les cosm\u00e9tiques tiers.<\/title>\n<meta name=\"description\" content=\"Nous produisons des poudres, des \u00e9mulsions et des p\u00e2tes pour la cr\u00e9ation de produits cosm\u00e9tiques de beaut\u00e9. Nous produisons tout type de cosm\u00e9tique pour le compte de tiers.\" \/>\n<meta name=\"robots\" content=\"index, follow, max-snippet:-1, max-image-preview:large, max-video-preview:-1\" \/>\n<link rel=\"canonical\" href=\"https:\/\/www.fercam-italia.com\/fr\/agence\/\" \/>\n<meta property=\"og:locale\" content=\"fr_FR\" \/>\n<meta property=\"og:type\" content=\"article\" \/>\n<meta property=\"og:title\" content=\"Fercam Italia Cosmetics S.r.l. Production de produits semi-finis pour les cosm\u00e9tiques tiers.\" \/>\n<meta property=\"og:description\" content=\"Nous produisons des poudres, des \u00e9mulsions et des p\u00e2tes pour la cr\u00e9ation de produits cosm\u00e9tiques de beaut\u00e9. Nous produisons tout type de cosm\u00e9tique pour le compte de tiers.\" \/>\n<meta property=\"og:url\" content=\"https:\/\/www.fercam-italia.com\/fr\/agence\/\" \/>\n<meta property=\"og:site_name\" content=\"Fercam Italia Cosmetics S.r.l. Production de produits semi-finis pour les cosm\u00e9tiques tiers.\" \/>\n<meta property=\"article:modified_time\" content=\"2023-10-14T08:08:25+00:00\" \/>\n<meta property=\"og:image\" content=\"https:\/\/www.fercam-italia.com\/wp-content\/uploads\/2022\/04\/cosmeticservice-cosmetic-italia-logo-300x49.jpg\" \/>\n<meta name=\"twitter:card\" content=\"summary_large_image\" \/>\n<meta name=\"twitter:label1\" content=\"Dur\u00e9e de lecture estim\u00e9e\" \/>\n\t<meta name=\"twitter:data1\" content=\"3 minutes\" \/>\n<script type=\"application\/ld+json\" class=\"yoast-schema-graph\">{\"@context\":\"https:\/\/schema.org\",\"@graph\":[{\"@type\":\"WebPage\",\"@id\":\"https:\/\/www.fercam-italia.com\/fr\/agence\/\",\"url\":\"https:\/\/www.fercam-italia.com\/fr\/agence\/\",\"name\":\"Fercam Italia Cosmetics S.r.l. Production de produits semi-finis pour les cosm\u00e9tiques tiers.\",\"isPartOf\":{\"@id\":\"https:\/\/www.fercam-italia.com\/#website\"},\"datePublished\":\"2019-08-16T09:17:14+00:00\",\"dateModified\":\"2023-10-14T08:08:25+00:00\",\"description\":\"Nous produisons des poudres, des \u00e9mulsions et des p\u00e2tes pour la cr\u00e9ation de produits cosm\u00e9tiques de beaut\u00e9. Nous produisons tout type de cosm\u00e9tique pour le compte de tiers.\",\"breadcrumb\":{\"@id\":\"https:\/\/www.fercam-italia.com\/fr\/agence\/#breadcrumb\"},\"inLanguage\":\"fr-FR\",\"potentialAction\":[{\"@type\":\"ReadAction\",\"target\":[\"https:\/\/www.fercam-italia.com\/fr\/agence\/\"]}]},{\"@type\":\"BreadcrumbList\",\"@id\":\"https:\/\/www.fercam-italia.com\/fr\/agence\/#breadcrumb\",\"itemListElement\":[{\"@type\":\"ListItem\",\"position\":1,\"name\":\"Home\",\"item\":\"https:\/\/www.fercam-italia.com\/fr\/\"},{\"@type\":\"ListItem\",\"position\":2,\"name\":\"Agence\"}]},{\"@type\":\"WebSite\",\"@id\":\"https:\/\/www.fercam-italia.com\/#website\",\"url\":\"https:\/\/www.fercam-italia.com\/\",\"name\":\"Fercam Italia Cosmetics S.r.l. Production de produits semi-finis pour les cosm\u00e9tiques tiers.\",\"description\":\"Fercam Italia CosmeticiS.r.l.\",\"publisher\":{\"@id\":\"https:\/\/www.fercam-italia.com\/#organization\"},\"potentialAction\":[{\"@type\":\"SearchAction\",\"target\":{\"@type\":\"EntryPoint\",\"urlTemplate\":\"https:\/\/www.fercam-italia.com\/?s={search_term_string}\"},\"query-input\":\"required name=search_term_string\"}],\"inLanguage\":\"fr-FR\"},{\"@type\":\"Organization\",\"@id\":\"https:\/\/www.fercam-italia.com\/#organization\",\"name\":\"Fercam Italia Cosmetics S.r.l. Production de produits semi-finis pour les cosm\u00e9tiques tiers.\",\"url\":\"https:\/\/www.fercam-italia.com\/\",\"logo\":{\"@type\":\"ImageObject\",\"inLanguage\":\"fr-FR\",\"@id\":\"https:\/\/www.fercam-italia.com\/#\/schema\/logo\/image\/\",\"url\":\"https:\/\/www.fercam-italia.com\/wp-content\/uploads\/2022\/04\/cropped-fercam-logo-2022-1.png\",\"contentUrl\":\"https:\/\/www.fercam-italia.com\/wp-content\/uploads\/2022\/04\/cropped-fercam-logo-2022-1.png\",\"width\":512,\"height\":512,\"caption\":\"Fercam Italia Cosmetics S.r.l. Production de produits semi-finis pour les cosm\u00e9tiques tiers.\"},\"image\":{\"@id\":\"https:\/\/www.fercam-italia.com\/#\/schema\/logo\/image\/\"}}]}<\/script>\n<!-- \/ Yoast SEO plugin. -->","yoast_head_json":{"title":"Fercam Italia Cosmetics S.r.l. Production de produits semi-finis pour les cosm\u00e9tiques tiers.","description":"Nous produisons des poudres, des \u00e9mulsions et des p\u00e2tes pour la cr\u00e9ation de produits cosm\u00e9tiques de beaut\u00e9. Nous produisons tout type de cosm\u00e9tique pour le compte de tiers.","robots":{"index":"index","follow":"follow","max-snippet":"max-snippet:-1","max-image-preview":"max-image-preview:large","max-video-preview":"max-video-preview:-1"},"canonical":"https:\/\/www.fercam-italia.com\/fr\/agence\/","og_locale":"fr_FR","og_type":"article","og_title":"Fercam Italia Cosmetics S.r.l. Production de produits semi-finis pour les cosm\u00e9tiques tiers.","og_description":"Nous produisons des poudres, des \u00e9mulsions et des p\u00e2tes pour la cr\u00e9ation de produits cosm\u00e9tiques de beaut\u00e9. Nous produisons tout type de cosm\u00e9tique pour le compte de tiers.","og_url":"https:\/\/www.fercam-italia.com\/fr\/agence\/","og_site_name":"Fercam Italia Cosmetics S.r.l. Production de produits semi-finis pour les cosm\u00e9tiques tiers.","article_modified_time":"2023-10-14T08:08:25+00:00","og_image":[{"url":"https:\/\/www.fercam-italia.com\/wp-content\/uploads\/2022\/04\/cosmeticservice-cosmetic-italia-logo-300x49.jpg"}],"twitter_card":"summary_large_image","twitter_misc":{"Dur\u00e9e de lecture estim\u00e9e":"3 minutes"},"schema":{"@context":"https:\/\/schema.org","@graph":[{"@type":"WebPage","@id":"https:\/\/www.fercam-italia.com\/fr\/agence\/","url":"https:\/\/www.fercam-italia.com\/fr\/agence\/","name":"Fercam Italia Cosmetics S.r.l. Production de produits semi-finis pour les cosm\u00e9tiques tiers.","isPartOf":{"@id":"https:\/\/www.fercam-italia.com\/#website"},"datePublished":"2019-08-16T09:17:14+00:00","dateModified":"2023-10-14T08:08:25+00:00","description":"Nous produisons des poudres, des \u00e9mulsions et des p\u00e2tes pour la cr\u00e9ation de produits cosm\u00e9tiques de beaut\u00e9. Nous produisons tout type de cosm\u00e9tique pour le compte de tiers.","breadcrumb":{"@id":"https:\/\/www.fercam-italia.com\/fr\/agence\/#breadcrumb"},"inLanguage":"fr-FR","potentialAction":[{"@type":"ReadAction","target":["https:\/\/www.fercam-italia.com\/fr\/agence\/"]}]},{"@type":"BreadcrumbList","@id":"https:\/\/www.fercam-italia.com\/fr\/agence\/#breadcrumb","itemListElement":[{"@type":"ListItem","position":1,"name":"Home","item":"https:\/\/www.fercam-italia.com\/fr\/"},{"@type":"ListItem","position":2,"name":"Agence"}]},{"@type":"WebSite","@id":"https:\/\/www.fercam-italia.com\/#website","url":"https:\/\/www.fercam-italia.com\/","name":"Fercam Italia Cosmetics S.r.l. Production de produits semi-finis pour les cosm\u00e9tiques tiers.","description":"Fercam Italia CosmeticiS.r.l.","publisher":{"@id":"https:\/\/www.fercam-italia.com\/#organization"},"potentialAction":[{"@type":"SearchAction","target":{"@type":"EntryPoint","urlTemplate":"https:\/\/www.fercam-italia.com\/?s={search_term_string}"},"query-input":"required name=search_term_string"}],"inLanguage":"fr-FR"},{"@type":"Organization","@id":"https:\/\/www.fercam-italia.com\/#organization","name":"Fercam Italia Cosmetics S.r.l. Production de produits semi-finis pour les cosm\u00e9tiques tiers.","url":"https:\/\/www.fercam-italia.com\/","logo":{"@type":"ImageObject","inLanguage":"fr-FR","@id":"https:\/\/www.fercam-italia.com\/#\/schema\/logo\/image\/","url":"https:\/\/www.fercam-italia.com\/wp-content\/uploads\/2022\/04\/cropped-fercam-logo-2022-1.png","contentUrl":"https:\/\/www.fercam-italia.com\/wp-content\/uploads\/2022\/04\/cropped-fercam-logo-2022-1.png","width":512,"height":512,"caption":"Fercam Italia Cosmetics S.r.l. Production de produits semi-finis pour les cosm\u00e9tiques tiers."},"image":{"@id":"https:\/\/www.fercam-italia.com\/#\/schema\/logo\/image\/"}}]}},"_links":{"self":[{"href":"https:\/\/www.fercam-italia.com\/fr\/wp-json\/wp\/v2\/pages\/6316","targetHints":{"allow":["GET"]}}],"collection":[{"href":"https:\/\/www.fercam-italia.com\/fr\/wp-json\/wp\/v2\/pages"}],"about":[{"href":"https:\/\/www.fercam-italia.com\/fr\/wp-json\/wp\/v2\/types\/page"}],"author":[{"embeddable":true,"href":"https:\/\/www.fercam-italia.com\/fr\/wp-json\/wp\/v2\/users\/1"}],"replies":[{"embeddable":true,"href":"https:\/\/www.fercam-italia.com\/fr\/wp-json\/wp\/v2\/comments?post=6316"}],"version-history":[{"count":3,"href":"https:\/\/www.fercam-italia.com\/fr\/wp-json\/wp\/v2\/pages\/6316\/revisions"}],"predecessor-version":[{"id":6387,"href":"https:\/\/www.fercam-italia.com\/fr\/wp-json\/wp\/v2\/pages\/6316\/revisions\/6387"}],"wp:attachment":[{"href":"https:\/\/www.fercam-italia.com\/fr\/wp-json\/wp\/v2\/media?parent=6316"}],"curies":[{"name":"wp","href":"https:\/\/api.w.org\/{rel}","templated":true}]}}