{"id":6319,"date":"2022-04-29T09:13:26","date_gmt":"2022-04-29T09:13:26","guid":{"rendered":"https:\/\/www.fercam-italia.com\/produzione-paste-semilavorati\/"},"modified":"2023-04-18T09:31:01","modified_gmt":"2023-04-18T09:31:01","slug":"fabrication-de-pate","status":"publish","type":"page","link":"https:\/\/www.fercam-italia.com\/fr\/fabrication-de-pate\/","title":{"rendered":"Fabrication de p\u00e2te"},"content":{"rendered":"<p>[vc_row][vc_column css=\u00a0\u00bb.vc_custom_1663146386744{background-image: url(https:\/\/www.fercam-italia.com\/wp-content\/uploads\/2022\/09\/DSC00206.jpg?id=4025) !important;background-position: center !important;background-repeat: no-repeat !important;background-size: cover !important;}\u00a0\u00bb][vc_empty_space height=\u00a0\u00bb450px\u00a0\u00bb][\/vc_column][\/vc_row][vc_row equal_height=\u00a0\u00bbyes\u00a0\u00bb css=\u00a0\u00bb.vc_custom_1662992856099{padding-top: 145px !important;padding-bottom: 132px !important;}\u00a0\u00bb][vc_column width=\u00a0\u00bb1\/4&Prime;][\/vc_column][vc_column width=\u00a0\u00bb1\/2&Prime; css=\u00a0\u00bb.vc_custom_1666875353986{margin-right: 15px !important;margin-left: 15px !important;}\u00a0\u00bb]<div class=\"mkdf-elements-holder   mkdf-one-column  mkdf-responsive-mode-768 \" ><div class=\"mkdf-eh-item   mkdf-horizontal-alignment-center  \" data-item-class=\"mkdf-eh-custom-3075\" data-1025-1399=\"0px 0px 0px 0px\" data-769-1024=\"0px 0px 0px 0px\" data-681-768=\"0px 0px 0px 0px\" data-680=\"0px 0px 0px 0px\">\n\t<div class=\"mkdf-eh-background-holder\"  ><\/div>\n\t<div class=\"mkdf-eh-item-inner\">\n\t\t<div class=\"mkdf-eh-item-content mkdf-eh-custom-3075\" style=\"padding: 0px 70px 0px 70px\">\n\t\t\t<div class=\"mkdf-section-title-holder  mkdf-st-top-tagline-position mkdf-st-center-position mkdf-st-bottom-image-position \" style=\"text-align: center\">\n\t<div class=\"mkdf-st-inner\">\n\t\t\t\t\t\t\t<span class=\"mkdf-st-tagline\" style=\"color: #e5e5e5;margin-bottom: 0px\">\n\t\t\t\tP\u00e2tes\t\t\t<\/span>\n\t\t\t\t\t\t\t<h2 class=\"mkdf-st-title\" >\n\t\t\t\tFABRICATION DE P\u00c2TES COSM\u00c9TIQUES\t\t\t<\/h2>\n\t\t\t\t\t\t\t<h5 class=\"mkdf-st-subtitle\" style=\"font-size: 25px\">\n\t\t\t\tLa formulation d'un cosm\u00e9tique pour les l\u00e8vres sous forme de stick n\u00e9cessite des exigences techniques sp\u00e9cifiques propres \u00e0 garantir sa stabilit\u00e9 dans le temps. L'application du produit doit r\u00e9pondre \u00e0 certaines attentes d'importance fondamentale dans la phase de choix et d'achat du rouge \u00e0 l\u00e8vres.<br \/>\nGr\u00e2ce \u00e0 une s\u00e9lection rigoureuse des mati\u00e8res premi\u00e8res, FERCAM d\u00e9finit la formule, garantissant la bonne texture pour une bonne hydratation. A travers ses formules, il cr\u00e9e des produits qui identifient les objectifs sp\u00e9cifiques de fonctionnalit\u00e9 et de sensorialit\u00e9, les combinaisons de substances \u00e9mollientes toujours d'origine naturelle \u00e9tant infinies.<br \/>\nAnticipe les tendances du march\u00e9 tout en pr\u00e9servant la p\u00e9rennit\u00e9, toujours \u00e0 l'\u00e9coute des rep\u00e8res du march\u00e9 pour proposer.\t\t\t<\/h5>\n\t\t\t\t\t\t\t\t\t\t\t<\/div>\n<\/div>\t\t<\/div>\n\t\t\t<\/div>\n<\/div><\/div>[\/vc_column][vc_column width=\u00a0\u00bb1\/4&Prime;][\/vc_column][\/vc_row][vc_row equal_height=\u00a0\u00bbyes\u00a0\u00bb][vc_column]<div class=\"mkdf-elements-holder   mkdf-two-columns  mkdf-responsive-mode-768 \" ><div class=\"mkdf-eh-item   mkdf-horizontal-alignment-center  \" data-item-class=\"mkdf-eh-custom-9446\" data-681-768=\"40% 0 40% 0%\" data-680=\"40% 0 40% 0%\">\n\t<div class=\"mkdf-eh-background-holder\" style=\"background-image: url(https:\/\/www.fercam-italia.com\/wp-content\/uploads\/2022\/09\/rossetti.jpg)\" ><\/div>\n\t<div class=\"mkdf-eh-item-inner\">\n\t\t<div class=\"mkdf-eh-item-content mkdf-eh-custom-9446\" style=\"padding: 0 0 0 0\">\n\t\t\t\t\t<\/div>\n\t\t\t<\/div>\n<\/div><div class=\"mkdf-eh-item  mkdf-vertical-alignment-bottom mkdf-horizontal-alignment-right  \" data-item-class=\"mkdf-eh-custom-7816\" data-1400-1600=\"120px 22% 120px 80px\" data-1025-1399=\"120px 22% 120px 80px\" data-769-1024=\"100px 16% 100px 40px\" data-681-768=\"140px 20% 140px 117px\" data-680=\"100px 7% 100px 35px\">\n\t<div class=\"mkdf-eh-background-holder\" style=\"background-image: url(https:\/\/www.fercam-italia.com\/wp-content\/uploads\/2022\/09\/rossetti-bg-1.jpg)\" ><\/div>\n\t<div class=\"mkdf-eh-item-inner\">\n\t\t<div class=\"mkdf-eh-item-content mkdf-eh-custom-7816\" style=\"padding: 204px 34% 209px 117px\">\n\t\t\t<div class=\"mkdf-section-title-holder  mkdf-st-top-tagline-position mkdf-st-left-position mkdf-st-bottom-image-position \" style=\"text-align: left\">\n\t<div class=\"mkdf-st-inner\">\n\t\t\t\t\t\t\t<span class=\"mkdf-st-tagline\" style=\"margin-bottom: 8px\">\n\t\t\t\tP\u00e2tes\t\t\t<\/span>\n\t\t\t\t\t\t\t<h2 class=\"mkdf-st-title\" >\n\t\t\t\tPRODUITS L\u00c8VRES\t\t\t<\/h2>\n\t\t\t\t\t\t\t<h5 class=\"mkdf-st-subtitle\" style=\"font-size: 28px;margin-top: 6px\">\n\t\t\t\tBases pour les l\u00e8vres, rouges \u00e0 l\u00e8vres, brillants \u00e0 l\u00e8vres, baumes \u00e0 l\u00e8vres, teintes pour les l\u00e8vres\t\t\t<\/h5>\n\t\t\t\t\t\t\t<p class=\"mkdf-st-text\" style=\"font-size: 20px;margin-top: 19px\">\n\t\t\t\tLes produits pour les l\u00e8vres sont les plus vendus au monde. Le rouge \u00e0 l\u00e8vres est le cosm\u00e9tique au charme intemporel et les motivations sont multiples sens de la gratification, envie de s\u00e9duire, besoin de plaisir et de s'aimer. La couleur ou la brillance repr\u00e9sentent la tendance du moment tandis que le d\u00e9sir d'une application facile, d'une couverture homog\u00e8ne et d'un confort d'utilisation est universel, caract\u00e9ristiques essentielles pour cr\u00e9er une formulation adapt\u00e9e \u00e0 chaque besoin avec les meilleures performances hydratantes et sensorielles.\t\t\t<\/p>\n\t\t\t\t\t\t\t\t\t<\/div>\n<\/div>[vc_empty_space height=\u00a0\u00bb34px\u00a0\u00bb]\t\t<\/div>\n\t\t\t<\/div>\n<\/div><\/div>[\/vc_column][\/vc_row]<\/p>\n","protected":false},"excerpt":{"rendered":"<p>[vc_row][vc_column css=\u00a0\u00bb.vc_custom_1663146386744{background-image: url(https:\/\/www.fercam-italia.com\/wp-content\/uploads\/2022\/09\/DSC00206.jpg?id=4025) !important;background-position: center !important;background-repeat: no-repeat !important;background-size: cover !important;}\u00a0\u00bb][vc_empty_space height=\u00a0\u00bb450px\u00a0\u00bb][\/vc_column][\/vc_row][vc_row equal_height=\u00a0\u00bbyes\u00a0\u00bb css=\u00a0\u00bb.vc_custom_1662992856099{padding-top: 145px !important;padding-bottom: 132px !important;}\u00a0\u00bb][vc_column width=\u00a0\u00bb1\/4&Prime;][\/vc_column][vc_column width=\u00a0\u00bb1\/2&Prime; css=\u00a0\u00bb.vc_custom_1666875353986{margin-right: 15px !important;margin-left: 15px !important;}\u00a0\u00bb][\/vc_column][vc_column width=\u00a0\u00bb1\/4&Prime;][\/vc_column][\/vc_row][vc_row equal_height=\u00a0\u00bbyes\u00a0\u00bb][vc_column][\/vc_column][\/vc_row]<\/p>\n","protected":false},"author":1,"featured_media":0,"parent":0,"menu_order":0,"comment_status":"closed","ping_status":"closed","template":"full-width.php","meta":{"footnotes":""},"class_list":["post-6319","page","type-page","status-publish","hentry"],"yoast_head":"<!-- This site is optimized with the Yoast SEO plugin v20.5 - https:\/\/yoast.com\/wordpress\/plugins\/seo\/ -->\n<title>Fercam Italia Cosmetics S.r.l. Production p\u00e2tes semi-finies<\/title>\n<meta name=\"description\" content=\"P\u00e2tes pour bases pour les yeux, fards \u00e0 paupi\u00e8res cr\u00e9meux, produits pour les sourcils, eye-liner, mascara\" \/>\n<meta name=\"robots\" content=\"index, follow, max-snippet:-1, max-image-preview:large, max-video-preview:-1\" \/>\n<link rel=\"canonical\" href=\"https:\/\/www.fercam-italia.com\/fr\/fabrication-de-pate\/\" \/>\n<meta property=\"og:locale\" content=\"fr_FR\" \/>\n<meta property=\"og:type\" content=\"article\" \/>\n<meta property=\"og:title\" content=\"Fercam Italia Cosmetics S.r.l. Production p\u00e2tes semi-finies\" \/>\n<meta property=\"og:description\" content=\"P\u00e2tes pour bases pour les yeux, fards \u00e0 paupi\u00e8res cr\u00e9meux, produits pour les sourcils, eye-liner, mascara\" \/>\n<meta property=\"og:url\" content=\"https:\/\/www.fercam-italia.com\/fr\/fabrication-de-pate\/\" \/>\n<meta property=\"og:site_name\" content=\"Fercam Italia Cosmetics S.r.l. Production de produits semi-finis pour les cosm\u00e9tiques tiers.\" \/>\n<meta property=\"article:modified_time\" content=\"2023-04-18T09:31:01+00:00\" \/>\n<meta name=\"twitter:card\" content=\"summary_large_image\" \/>\n<meta name=\"twitter:label1\" content=\"Dur\u00e9e de lecture estim\u00e9e\" \/>\n\t<meta name=\"twitter:data1\" content=\"2 minutes\" \/>\n<script type=\"application\/ld+json\" class=\"yoast-schema-graph\">{\"@context\":\"https:\/\/schema.org\",\"@graph\":[{\"@type\":\"WebPage\",\"@id\":\"https:\/\/www.fercam-italia.com\/fr\/fabrication-de-pate\/\",\"url\":\"https:\/\/www.fercam-italia.com\/fr\/fabrication-de-pate\/\",\"name\":\"Fercam Italia Cosmetics S.r.l. Production p\u00e2tes semi-finies\",\"isPartOf\":{\"@id\":\"https:\/\/www.fercam-italia.com\/#website\"},\"datePublished\":\"2022-04-29T09:13:26+00:00\",\"dateModified\":\"2023-04-18T09:31:01+00:00\",\"description\":\"P\u00e2tes pour bases pour les yeux, fards \u00e0 paupi\u00e8res cr\u00e9meux, produits pour les sourcils, eye-liner, mascara\",\"breadcrumb\":{\"@id\":\"https:\/\/www.fercam-italia.com\/fr\/fabrication-de-pate\/#breadcrumb\"},\"inLanguage\":\"fr-FR\",\"potentialAction\":[{\"@type\":\"ReadAction\",\"target\":[\"https:\/\/www.fercam-italia.com\/fr\/fabrication-de-pate\/\"]}]},{\"@type\":\"BreadcrumbList\",\"@id\":\"https:\/\/www.fercam-italia.com\/fr\/fabrication-de-pate\/#breadcrumb\",\"itemListElement\":[{\"@type\":\"ListItem\",\"position\":1,\"name\":\"Home\",\"item\":\"https:\/\/www.fercam-italia.com\/fr\/\"},{\"@type\":\"ListItem\",\"position\":2,\"name\":\"Fabrication de p\u00e2te\"}]},{\"@type\":\"WebSite\",\"@id\":\"https:\/\/www.fercam-italia.com\/#website\",\"url\":\"https:\/\/www.fercam-italia.com\/\",\"name\":\"Fercam Italia Cosmetics S.r.l. Production de produits semi-finis pour les cosm\u00e9tiques tiers.\",\"description\":\"Fercam Italia CosmeticiS.r.l.\",\"publisher\":{\"@id\":\"https:\/\/www.fercam-italia.com\/#organization\"},\"potentialAction\":[{\"@type\":\"SearchAction\",\"target\":{\"@type\":\"EntryPoint\",\"urlTemplate\":\"https:\/\/www.fercam-italia.com\/?s={search_term_string}\"},\"query-input\":\"required name=search_term_string\"}],\"inLanguage\":\"fr-FR\"},{\"@type\":\"Organization\",\"@id\":\"https:\/\/www.fercam-italia.com\/#organization\",\"name\":\"Fercam Italia Cosmetics S.r.l. Production de produits semi-finis pour les cosm\u00e9tiques tiers.\",\"url\":\"https:\/\/www.fercam-italia.com\/\",\"logo\":{\"@type\":\"ImageObject\",\"inLanguage\":\"fr-FR\",\"@id\":\"https:\/\/www.fercam-italia.com\/#\/schema\/logo\/image\/\",\"url\":\"https:\/\/www.fercam-italia.com\/wp-content\/uploads\/2022\/04\/cropped-fercam-logo-2022-1.png\",\"contentUrl\":\"https:\/\/www.fercam-italia.com\/wp-content\/uploads\/2022\/04\/cropped-fercam-logo-2022-1.png\",\"width\":512,\"height\":512,\"caption\":\"Fercam Italia Cosmetics S.r.l. Production de produits semi-finis pour les cosm\u00e9tiques tiers.\"},\"image\":{\"@id\":\"https:\/\/www.fercam-italia.com\/#\/schema\/logo\/image\/\"}}]}<\/script>\n<!-- \/ Yoast SEO plugin. -->","yoast_head_json":{"title":"Fercam Italia Cosmetics S.r.l. Production p\u00e2tes semi-finies","description":"P\u00e2tes pour bases pour les yeux, fards \u00e0 paupi\u00e8res cr\u00e9meux, produits pour les sourcils, eye-liner, mascara","robots":{"index":"index","follow":"follow","max-snippet":"max-snippet:-1","max-image-preview":"max-image-preview:large","max-video-preview":"max-video-preview:-1"},"canonical":"https:\/\/www.fercam-italia.com\/fr\/fabrication-de-pate\/","og_locale":"fr_FR","og_type":"article","og_title":"Fercam Italia Cosmetics S.r.l. Production p\u00e2tes semi-finies","og_description":"P\u00e2tes pour bases pour les yeux, fards \u00e0 paupi\u00e8res cr\u00e9meux, produits pour les sourcils, eye-liner, mascara","og_url":"https:\/\/www.fercam-italia.com\/fr\/fabrication-de-pate\/","og_site_name":"Fercam Italia Cosmetics S.r.l. Production de produits semi-finis pour les cosm\u00e9tiques tiers.","article_modified_time":"2023-04-18T09:31:01+00:00","twitter_card":"summary_large_image","twitter_misc":{"Dur\u00e9e de lecture estim\u00e9e":"2 minutes"},"schema":{"@context":"https:\/\/schema.org","@graph":[{"@type":"WebPage","@id":"https:\/\/www.fercam-italia.com\/fr\/fabrication-de-pate\/","url":"https:\/\/www.fercam-italia.com\/fr\/fabrication-de-pate\/","name":"Fercam Italia Cosmetics S.r.l. Production p\u00e2tes semi-finies","isPartOf":{"@id":"https:\/\/www.fercam-italia.com\/#website"},"datePublished":"2022-04-29T09:13:26+00:00","dateModified":"2023-04-18T09:31:01+00:00","description":"P\u00e2tes pour bases pour les yeux, fards \u00e0 paupi\u00e8res cr\u00e9meux, produits pour les sourcils, eye-liner, mascara","breadcrumb":{"@id":"https:\/\/www.fercam-italia.com\/fr\/fabrication-de-pate\/#breadcrumb"},"inLanguage":"fr-FR","potentialAction":[{"@type":"ReadAction","target":["https:\/\/www.fercam-italia.com\/fr\/fabrication-de-pate\/"]}]},{"@type":"BreadcrumbList","@id":"https:\/\/www.fercam-italia.com\/fr\/fabrication-de-pate\/#breadcrumb","itemListElement":[{"@type":"ListItem","position":1,"name":"Home","item":"https:\/\/www.fercam-italia.com\/fr\/"},{"@type":"ListItem","position":2,"name":"Fabrication de p\u00e2te"}]},{"@type":"WebSite","@id":"https:\/\/www.fercam-italia.com\/#website","url":"https:\/\/www.fercam-italia.com\/","name":"Fercam Italia Cosmetics S.r.l. Production de produits semi-finis pour les cosm\u00e9tiques tiers.","description":"Fercam Italia CosmeticiS.r.l.","publisher":{"@id":"https:\/\/www.fercam-italia.com\/#organization"},"potentialAction":[{"@type":"SearchAction","target":{"@type":"EntryPoint","urlTemplate":"https:\/\/www.fercam-italia.com\/?s={search_term_string}"},"query-input":"required name=search_term_string"}],"inLanguage":"fr-FR"},{"@type":"Organization","@id":"https:\/\/www.fercam-italia.com\/#organization","name":"Fercam Italia Cosmetics S.r.l. Production de produits semi-finis pour les cosm\u00e9tiques tiers.","url":"https:\/\/www.fercam-italia.com\/","logo":{"@type":"ImageObject","inLanguage":"fr-FR","@id":"https:\/\/www.fercam-italia.com\/#\/schema\/logo\/image\/","url":"https:\/\/www.fercam-italia.com\/wp-content\/uploads\/2022\/04\/cropped-fercam-logo-2022-1.png","contentUrl":"https:\/\/www.fercam-italia.com\/wp-content\/uploads\/2022\/04\/cropped-fercam-logo-2022-1.png","width":512,"height":512,"caption":"Fercam Italia Cosmetics S.r.l. Production de produits semi-finis pour les cosm\u00e9tiques tiers."},"image":{"@id":"https:\/\/www.fercam-italia.com\/#\/schema\/logo\/image\/"}}]}},"_links":{"self":[{"href":"https:\/\/www.fercam-italia.com\/fr\/wp-json\/wp\/v2\/pages\/6319","targetHints":{"allow":["GET"]}}],"collection":[{"href":"https:\/\/www.fercam-italia.com\/fr\/wp-json\/wp\/v2\/pages"}],"about":[{"href":"https:\/\/www.fercam-italia.com\/fr\/wp-json\/wp\/v2\/types\/page"}],"author":[{"embeddable":true,"href":"https:\/\/www.fercam-italia.com\/fr\/wp-json\/wp\/v2\/users\/1"}],"replies":[{"embeddable":true,"href":"https:\/\/www.fercam-italia.com\/fr\/wp-json\/wp\/v2\/comments?post=6319"}],"version-history":[{"count":3,"href":"https:\/\/www.fercam-italia.com\/fr\/wp-json\/wp\/v2\/pages\/6319\/revisions"}],"predecessor-version":[{"id":6322,"href":"https:\/\/www.fercam-italia.com\/fr\/wp-json\/wp\/v2\/pages\/6319\/revisions\/6322"}],"wp:attachment":[{"href":"https:\/\/www.fercam-italia.com\/fr\/wp-json\/wp\/v2\/media?parent=6319"}],"curies":[{"name":"wp","href":"https:\/\/api.w.org\/{rel}","templated":true}]}}