{"id":6323,"date":"2022-04-29T09:06:50","date_gmt":"2022-04-29T09:06:50","guid":{"rendered":"https:\/\/www.fercam-italia.com\/produzione-polveri-semilavorati\/"},"modified":"2023-04-18T09:34:24","modified_gmt":"2023-04-18T09:34:24","slug":"production-de-poussieres","status":"publish","type":"page","link":"https:\/\/www.fercam-italia.com\/fr\/production-de-poussieres\/","title":{"rendered":"Production de poussi\u00e8res"},"content":{"rendered":"<p>[vc_row][vc_column css=\u00a0\u00bb.vc_custom_1663147064879{background-image: url(https:\/\/www.fercam-italia.com\/wp-content\/uploads\/2022\/04\/polveri-fercam-2.jpg?id=3879) !important;background-position: center !important;background-repeat: no-repeat !important;background-size: cover !important;}\u00a0\u00bb][vc_empty_space height=\u00a0\u00bb450px\u00a0\u00bb][\/vc_column][\/vc_row][vc_row equal_height=\u00a0\u00bbyes\u00a0\u00bb css=\u00a0\u00bb.vc_custom_1662994764290{padding-top: 145px !important;padding-bottom: 132px !important;}\u00a0\u00bb][vc_column width=\u00a0\u00bb1\/4&Prime;][\/vc_column][vc_column width=\u00a0\u00bb1\/2&Prime; css=\u00a0\u00bb.vc_custom_1666875383687{margin-right: 15px !important;margin-left: 15px !important;}\u00a0\u00bb]<div class=\"mkdf-elements-holder   mkdf-one-column  mkdf-responsive-mode-768 \" ><div class=\"mkdf-eh-item   mkdf-horizontal-alignment-center  \" data-item-class=\"mkdf-eh-custom-5909\" data-1025-1399=\"0px 0px 0px 0px\" data-769-1024=\"0px 0px 0px 0px\" data-681-768=\"0px 0px 0px 0px\" data-680=\"0px 0px 0px 0px\">\n\t<div class=\"mkdf-eh-background-holder\"  ><\/div>\n\t<div class=\"mkdf-eh-item-inner\">\n\t\t<div class=\"mkdf-eh-item-content mkdf-eh-custom-5909\" style=\"padding: 0px 70px 0px 70px\">\n\t\t\t<div class=\"mkdf-section-title-holder  mkdf-st-top-tagline-position mkdf-st-center-position mkdf-st-bottom-image-position \" style=\"text-align: center\">\n\t<div class=\"mkdf-st-inner\">\n\t\t\t\t\t\t\t<span class=\"mkdf-st-tagline\" style=\"color: #e5e5e5;margin-bottom: 0px\">\n\t\t\t\tPoussi\u00e8res\t\t\t<\/span>\n\t\t\t\t\t\t\t<h2 class=\"mkdf-st-title\" >\n\t\t\t\tPRODUCTION DE POUDRES COSM\u00c9TIQUES\t\t\t<\/h2>\n\t\t\t\t\t\t\t<h5 class=\"mkdf-st-subtitle\" style=\"font-size: 25px\">\n\t\t\t\tLes poudres sont l'une des principales cat\u00e9gories de produits cosm\u00e9tiques.<br \/>\nGr\u00e2ce \u00e0 la polyvalence atteinte au fil des ans, il est devenu le produit de maquillage par excellence. Le produit en poudre, \u00e9troitement li\u00e9 au processus hautement technique, avec une recherche constante et une longue exp\u00e9rience d\u00e9velopp\u00e9e au fil des ann\u00e9es, a permis \u00e0 Fercam d'am\u00e9liorer les caract\u00e9ristiques typiques du produit en am\u00e9liorant sa texture et sa sensorialit\u00e9. Il est propos\u00e9 avec des formulations au toucher mouill\u00e9, un fini cr\u00e9meux et p\u00e9tillant pour les poudres nacr\u00e9es et m\u00e9talliques, et un fini cors\u00e9 et intense, au toucher beurr\u00e9 et velout\u00e9, pour les nuances mates et satin\u00e9es. Le d\u00e9fi quotidien de Fercam est d'obtenir un produit performant avec une formulation cosm\u00e9tique agr\u00e9able et stable, qui satisfasse au mieux le client gr\u00e2ce \u00e0 des facteurs tels que le temps, les co\u00fbts et la s\u00e9lection rigoureuse des mati\u00e8res premi\u00e8res.\t\t\t<\/h5>\n\t\t\t\t\t\t\t\t\t\t\t<\/div>\n<\/div>\t\t<\/div>\n\t\t\t<\/div>\n<\/div><\/div>[\/vc_column][vc_column width=\u00a0\u00bb1\/4&Prime;][\/vc_column][\/vc_row][vc_row equal_height=\u00a0\u00bbyes\u00a0\u00bb][vc_column]<div class=\"mkdf-elements-holder   mkdf-two-columns  mkdf-responsive-mode-768 \" ><div class=\"mkdf-eh-item     \" data-item-class=\"mkdf-eh-custom-2871\" data-681-768=\"40% 0 40% 0%\" data-680=\"40% 0 40% 0%\">\n\t<div class=\"mkdf-eh-background-holder\" style=\"background-image: url(https:\/\/www.fercam-italia.com\/wp-content\/uploads\/2022\/09\/produzione-polveri-semilavorati-fercam.jpg)\" ><\/div>\n\t<div class=\"mkdf-eh-item-inner\">\n\t\t<div class=\"mkdf-eh-item-content mkdf-eh-custom-2871\" style=\"padding: 0 0 0 0\">\n\t\t\t\t\t<\/div>\n\t\t\t<\/div>\n<\/div><div class=\"mkdf-eh-item     \" data-item-class=\"mkdf-eh-custom-1417\" data-1400-1600=\"120px 22% 120px 80px\" data-1025-1399=\"120px 22% 120px 80px\" data-769-1024=\"100px 16% 100px 40px\" data-681-768=\"140px 20% 140px 117px\" data-680=\"100px 7% 100px 35px\">\n\t<div class=\"mkdf-eh-background-holder\"  ><\/div>\n\t<div class=\"mkdf-eh-item-inner\">\n\t\t<div class=\"mkdf-eh-item-content mkdf-eh-custom-1417\" style=\"padding: 204px 34% 209px 117px\">\n\t\t\t<div class=\"mkdf-section-title-holder  mkdf-st-top-tagline-position mkdf-st-left-position mkdf-st-bottom-image-position \" style=\"text-align: left\">\n\t<div class=\"mkdf-st-inner\">\n\t\t\t\t\t\t\t<span class=\"mkdf-st-tagline\" style=\"margin-bottom: 8px\">\n\t\t\t\tYeux\t\t\t<\/span>\n\t\t\t\t\t\t\t<h2 class=\"mkdf-st-title\" >\n\t\t\t\tPRODUITS POUR LES YEUX\t\t\t<\/h2>\n\t\t\t\t\t\t\t<h5 class=\"mkdf-st-subtitle\" style=\"font-size: 28px;margin-top: 6px\">\n\t\t\t\tFards \u00e0 paupi\u00e8res, Produits pour les sourcils\t\t\t<\/h5>\n\t\t\t\t\t\t\t<p class=\"mkdf-st-text\" style=\"font-size: 20px;margin-top: 19px\">\n\t\t\t\tLa communication avec laquelle nous nous exprimons passe par le regard, l'\u0153il protagoniste. Chez Fercam, des formulations capables de rendre le maquillage des yeux plus confortable et agr\u00e9able sont \u00e9tudi\u00e9es et continuellement d\u00e9velopp\u00e9es. Les poudres pour les yeux montrent une \u00e9volution int\u00e9ressante vers une structure de formulation qui, en incorporant des actifs fonctionnels et en valorisant les multiples nuances de couleur, permet au produit de r\u00e9pondre pleinement \u00e0 chaque besoin du march\u00e9.<br \/>\nNotre production comprend des produits pour les sourcils et des fards \u00e0 paupi\u00e8res, avec une vari\u00e9t\u00e9 de nuances et de finitions, du m\u00e9tallique au nacr\u00e9, jusqu'au mat classique avec des textures sensorielles avec une nouvelle \u00e9volution vers le maquillage d\u00e9coratif.\t\t\t<\/p>\n\t\t\t\t\t\t\t\t\t<\/div>\n<\/div>[vc_empty_space height=\u00a0\u00bb34px\u00a0\u00bb]\t\t<\/div>\n\t\t\t<\/div>\n<\/div><\/div>[\/vc_column][\/vc_row][vc_row equal_height=\u00a0\u00bbyes\u00a0\u00bb][vc_column]<div class=\"mkdf-elements-holder   mkdf-two-columns  mkdf-responsive-mode-768 \" ><div class=\"mkdf-eh-item     \" data-item-class=\"mkdf-eh-custom-7817\" data-1400-1600=\"120px 22% 120px 80px\" data-1025-1399=\"120px 22% 120px 80px\" data-769-1024=\"100px 16% 100px 40px\" data-681-768=\"140px 20% 140px 117px\" data-680=\"100px 7% 100px 35px\">\n\t<div class=\"mkdf-eh-background-holder\"  ><\/div>\n\t<div class=\"mkdf-eh-item-inner\">\n\t\t<div class=\"mkdf-eh-item-content mkdf-eh-custom-7817\" style=\"padding: 204px 34% 209px 117px\">\n\t\t\t<div class=\"mkdf-section-title-holder  mkdf-st-top-tagline-position mkdf-st-left-position mkdf-st-bottom-image-position \" style=\"text-align: left\">\n\t<div class=\"mkdf-st-inner\">\n\t\t\t\t\t\t\t<span class=\"mkdf-st-tagline\" style=\"margin-bottom: 8px\">\n\t\t\t\tVisage\t\t\t<\/span>\n\t\t\t\t\t\t\t<h2 class=\"mkdf-st-title\" >\n\t\t\t\tProduits visage\t\t\t<\/h2>\n\t\t\t\t\t\t\t<h5 class=\"mkdf-st-subtitle\" >\n\t\t\t\tIlluminateurs, fards \u00e0 joues et bronzants, poudres compactes et libres pour le visage\t\t\t<\/h5>\n\t\t\t\t\t\t\t<p class=\"mkdf-st-text\" style=\"font-size: 20px;margin-top: 19px\">\n\t\t\t\tAu fil des ans, les produits pour le visage en poudre ont vari\u00e9 dans leur fonctionnalit\u00e9 : de la simple coloration au traitement r\u00e9el. Les poudres pour le visage Fercam sont broy\u00e9es dans les diff\u00e9rentes phases puis press\u00e9es ou laiss\u00e9es en ``poudre libre`` et sont \u00e9galement enrichies en principes actifs qui aident \u00e0 prendre soin de la peau.\t\t\t<\/p>\n\t\t\t\t\t\t\t\t\t<\/div>\n<\/div>[vc_empty_space height=\u00a0\u00bb34px\u00a0\u00bb]<a itemprop=\"url\" href=\"https:\/\/www.fercam-italia.com\/fr\/contactez-nous\/\" target=\"_self\"  class=\"mkdf-btn mkdf-btn-medium mkdf-btn-outline\"  >\n    <span class=\"mkdf-btn-text\">CONTACTEZ-NOUS<\/span>\n    <\/a>\t\t<\/div>\n\t\t\t<\/div>\n<\/div><div class=\"mkdf-eh-item   mkdf-horizontal-alignment-center  \" data-item-class=\"mkdf-eh-custom-3354\" data-681-768=\"35% 0 35% 0\" data-680=\"65% 0 70% 0\">\n\t<div class=\"mkdf-eh-background-holder\" style=\"background-image: url(https:\/\/www.fercam-italia.com\/wp-content\/uploads\/2022\/09\/fondotinta.jpg)\" ><\/div>\n\t<div class=\"mkdf-eh-item-inner\">\n\t\t<div class=\"mkdf-eh-item-content mkdf-eh-custom-3354\" style=\"padding: 0 0 0 0\">\n\t\t\t\t\t<\/div>\n\t\t\t<\/div>\n<\/div><\/div>[\/vc_column][\/vc_row]<\/p>\n","protected":false},"excerpt":{"rendered":"<p>[vc_row][vc_column css=\u00a0\u00bb.vc_custom_1663147064879{background-image: url(https:\/\/www.fercam-italia.com\/wp-content\/uploads\/2022\/04\/polveri-fercam-2.jpg?id=3879) !important;background-position: center !important;background-repeat: no-repeat !important;background-size: cover !important;}\u00a0\u00bb][vc_empty_space height=\u00a0\u00bb450px\u00a0\u00bb][\/vc_column][\/vc_row][vc_row equal_height=\u00a0\u00bbyes\u00a0\u00bb css=\u00a0\u00bb.vc_custom_1662994764290{padding-top: 145px !important;padding-bottom: 132px !important;}\u00a0\u00bb][vc_column width=\u00a0\u00bb1\/4&Prime;][\/vc_column][vc_column width=\u00a0\u00bb1\/2&Prime; css=\u00a0\u00bb.vc_custom_1666875383687{margin-right: 15px !important;margin-left: 15px !important;}\u00a0\u00bb][\/vc_column][vc_column width=\u00a0\u00bb1\/4&Prime;][\/vc_column][\/vc_row][vc_row equal_height=\u00a0\u00bbyes\u00a0\u00bb][vc_column][\/vc_column][\/vc_row][vc_row equal_height=\u00a0\u00bbyes\u00a0\u00bb][vc_column][\/vc_column][\/vc_row]<\/p>\n","protected":false},"author":1,"featured_media":0,"parent":0,"menu_order":0,"comment_status":"closed","ping_status":"closed","template":"full-width.php","meta":{"footnotes":""},"class_list":["post-6323","page","type-page","status-publish","hentry"],"yoast_head":"<!-- This site is optimized with the Yoast SEO plugin v20.5 - https:\/\/yoast.com\/wordpress\/plugins\/seo\/ -->\n<title>Fercam Italia Cosmetics S.r.l. Production poussi\u00e8res semi-finies<\/title>\n<meta name=\"description\" content=\"\u00c9mulsions pour bases pour les yeux, fards \u00e0 paupi\u00e8res cr\u00e9meux, produits pour les sourcils, eye-liner, mascara\" \/>\n<meta name=\"robots\" content=\"index, follow, max-snippet:-1, max-image-preview:large, max-video-preview:-1\" \/>\n<link rel=\"canonical\" href=\"https:\/\/www.fercam-italia.com\/fr\/production-de-poussieres\/\" \/>\n<meta property=\"og:locale\" content=\"fr_FR\" \/>\n<meta property=\"og:type\" content=\"article\" \/>\n<meta property=\"og:title\" content=\"Fercam Italia Cosmetics S.r.l. Production poussi\u00e8res semi-finies\" \/>\n<meta property=\"og:description\" content=\"\u00c9mulsions pour bases pour les yeux, fards \u00e0 paupi\u00e8res cr\u00e9meux, produits pour les sourcils, eye-liner, mascara\" \/>\n<meta property=\"og:url\" content=\"https:\/\/www.fercam-italia.com\/fr\/production-de-poussieres\/\" \/>\n<meta property=\"og:site_name\" content=\"Fercam Italia Cosmetics S.r.l. Production de produits semi-finis pour les cosm\u00e9tiques tiers.\" \/>\n<meta property=\"article:modified_time\" content=\"2023-04-18T09:34:24+00:00\" \/>\n<meta name=\"twitter:card\" content=\"summary_large_image\" \/>\n<meta name=\"twitter:label1\" content=\"Dur\u00e9e de lecture estim\u00e9e\" \/>\n\t<meta name=\"twitter:data1\" content=\"3 minutes\" \/>\n<script type=\"application\/ld+json\" class=\"yoast-schema-graph\">{\"@context\":\"https:\/\/schema.org\",\"@graph\":[{\"@type\":\"WebPage\",\"@id\":\"https:\/\/www.fercam-italia.com\/fr\/production-de-poussieres\/\",\"url\":\"https:\/\/www.fercam-italia.com\/fr\/production-de-poussieres\/\",\"name\":\"Fercam Italia Cosmetics S.r.l. Production poussi\u00e8res semi-finies\",\"isPartOf\":{\"@id\":\"https:\/\/www.fercam-italia.com\/#website\"},\"datePublished\":\"2022-04-29T09:06:50+00:00\",\"dateModified\":\"2023-04-18T09:34:24+00:00\",\"description\":\"\u00c9mulsions pour bases pour les yeux, fards \u00e0 paupi\u00e8res cr\u00e9meux, produits pour les sourcils, eye-liner, mascara\",\"breadcrumb\":{\"@id\":\"https:\/\/www.fercam-italia.com\/fr\/production-de-poussieres\/#breadcrumb\"},\"inLanguage\":\"fr-FR\",\"potentialAction\":[{\"@type\":\"ReadAction\",\"target\":[\"https:\/\/www.fercam-italia.com\/fr\/production-de-poussieres\/\"]}]},{\"@type\":\"BreadcrumbList\",\"@id\":\"https:\/\/www.fercam-italia.com\/fr\/production-de-poussieres\/#breadcrumb\",\"itemListElement\":[{\"@type\":\"ListItem\",\"position\":1,\"name\":\"Home\",\"item\":\"https:\/\/www.fercam-italia.com\/fr\/\"},{\"@type\":\"ListItem\",\"position\":2,\"name\":\"Production de poussi\u00e8res\"}]},{\"@type\":\"WebSite\",\"@id\":\"https:\/\/www.fercam-italia.com\/#website\",\"url\":\"https:\/\/www.fercam-italia.com\/\",\"name\":\"Fercam Italia Cosmetics S.r.l. Production de produits semi-finis pour les cosm\u00e9tiques tiers.\",\"description\":\"Fercam Italia CosmeticiS.r.l.\",\"publisher\":{\"@id\":\"https:\/\/www.fercam-italia.com\/#organization\"},\"potentialAction\":[{\"@type\":\"SearchAction\",\"target\":{\"@type\":\"EntryPoint\",\"urlTemplate\":\"https:\/\/www.fercam-italia.com\/?s={search_term_string}\"},\"query-input\":\"required name=search_term_string\"}],\"inLanguage\":\"fr-FR\"},{\"@type\":\"Organization\",\"@id\":\"https:\/\/www.fercam-italia.com\/#organization\",\"name\":\"Fercam Italia Cosmetics S.r.l. Production de produits semi-finis pour les cosm\u00e9tiques tiers.\",\"url\":\"https:\/\/www.fercam-italia.com\/\",\"logo\":{\"@type\":\"ImageObject\",\"inLanguage\":\"fr-FR\",\"@id\":\"https:\/\/www.fercam-italia.com\/#\/schema\/logo\/image\/\",\"url\":\"https:\/\/www.fercam-italia.com\/wp-content\/uploads\/2022\/04\/cropped-fercam-logo-2022-1.png\",\"contentUrl\":\"https:\/\/www.fercam-italia.com\/wp-content\/uploads\/2022\/04\/cropped-fercam-logo-2022-1.png\",\"width\":512,\"height\":512,\"caption\":\"Fercam Italia Cosmetics S.r.l. Production de produits semi-finis pour les cosm\u00e9tiques tiers.\"},\"image\":{\"@id\":\"https:\/\/www.fercam-italia.com\/#\/schema\/logo\/image\/\"}}]}<\/script>\n<!-- \/ Yoast SEO plugin. -->","yoast_head_json":{"title":"Fercam Italia Cosmetics S.r.l. Production poussi\u00e8res semi-finies","description":"\u00c9mulsions pour bases pour les yeux, fards \u00e0 paupi\u00e8res cr\u00e9meux, produits pour les sourcils, eye-liner, mascara","robots":{"index":"index","follow":"follow","max-snippet":"max-snippet:-1","max-image-preview":"max-image-preview:large","max-video-preview":"max-video-preview:-1"},"canonical":"https:\/\/www.fercam-italia.com\/fr\/production-de-poussieres\/","og_locale":"fr_FR","og_type":"article","og_title":"Fercam Italia Cosmetics S.r.l. Production poussi\u00e8res semi-finies","og_description":"\u00c9mulsions pour bases pour les yeux, fards \u00e0 paupi\u00e8res cr\u00e9meux, produits pour les sourcils, eye-liner, mascara","og_url":"https:\/\/www.fercam-italia.com\/fr\/production-de-poussieres\/","og_site_name":"Fercam Italia Cosmetics S.r.l. Production de produits semi-finis pour les cosm\u00e9tiques tiers.","article_modified_time":"2023-04-18T09:34:24+00:00","twitter_card":"summary_large_image","twitter_misc":{"Dur\u00e9e de lecture estim\u00e9e":"3 minutes"},"schema":{"@context":"https:\/\/schema.org","@graph":[{"@type":"WebPage","@id":"https:\/\/www.fercam-italia.com\/fr\/production-de-poussieres\/","url":"https:\/\/www.fercam-italia.com\/fr\/production-de-poussieres\/","name":"Fercam Italia Cosmetics S.r.l. Production poussi\u00e8res semi-finies","isPartOf":{"@id":"https:\/\/www.fercam-italia.com\/#website"},"datePublished":"2022-04-29T09:06:50+00:00","dateModified":"2023-04-18T09:34:24+00:00","description":"\u00c9mulsions pour bases pour les yeux, fards \u00e0 paupi\u00e8res cr\u00e9meux, produits pour les sourcils, eye-liner, mascara","breadcrumb":{"@id":"https:\/\/www.fercam-italia.com\/fr\/production-de-poussieres\/#breadcrumb"},"inLanguage":"fr-FR","potentialAction":[{"@type":"ReadAction","target":["https:\/\/www.fercam-italia.com\/fr\/production-de-poussieres\/"]}]},{"@type":"BreadcrumbList","@id":"https:\/\/www.fercam-italia.com\/fr\/production-de-poussieres\/#breadcrumb","itemListElement":[{"@type":"ListItem","position":1,"name":"Home","item":"https:\/\/www.fercam-italia.com\/fr\/"},{"@type":"ListItem","position":2,"name":"Production de poussi\u00e8res"}]},{"@type":"WebSite","@id":"https:\/\/www.fercam-italia.com\/#website","url":"https:\/\/www.fercam-italia.com\/","name":"Fercam Italia Cosmetics S.r.l. Production de produits semi-finis pour les cosm\u00e9tiques tiers.","description":"Fercam Italia CosmeticiS.r.l.","publisher":{"@id":"https:\/\/www.fercam-italia.com\/#organization"},"potentialAction":[{"@type":"SearchAction","target":{"@type":"EntryPoint","urlTemplate":"https:\/\/www.fercam-italia.com\/?s={search_term_string}"},"query-input":"required name=search_term_string"}],"inLanguage":"fr-FR"},{"@type":"Organization","@id":"https:\/\/www.fercam-italia.com\/#organization","name":"Fercam Italia Cosmetics S.r.l. Production de produits semi-finis pour les cosm\u00e9tiques tiers.","url":"https:\/\/www.fercam-italia.com\/","logo":{"@type":"ImageObject","inLanguage":"fr-FR","@id":"https:\/\/www.fercam-italia.com\/#\/schema\/logo\/image\/","url":"https:\/\/www.fercam-italia.com\/wp-content\/uploads\/2022\/04\/cropped-fercam-logo-2022-1.png","contentUrl":"https:\/\/www.fercam-italia.com\/wp-content\/uploads\/2022\/04\/cropped-fercam-logo-2022-1.png","width":512,"height":512,"caption":"Fercam Italia Cosmetics S.r.l. Production de produits semi-finis pour les cosm\u00e9tiques tiers."},"image":{"@id":"https:\/\/www.fercam-italia.com\/#\/schema\/logo\/image\/"}}]}},"_links":{"self":[{"href":"https:\/\/www.fercam-italia.com\/fr\/wp-json\/wp\/v2\/pages\/6323","targetHints":{"allow":["GET"]}}],"collection":[{"href":"https:\/\/www.fercam-italia.com\/fr\/wp-json\/wp\/v2\/pages"}],"about":[{"href":"https:\/\/www.fercam-italia.com\/fr\/wp-json\/wp\/v2\/types\/page"}],"author":[{"embeddable":true,"href":"https:\/\/www.fercam-italia.com\/fr\/wp-json\/wp\/v2\/users\/1"}],"replies":[{"embeddable":true,"href":"https:\/\/www.fercam-italia.com\/fr\/wp-json\/wp\/v2\/comments?post=6323"}],"version-history":[{"count":3,"href":"https:\/\/www.fercam-italia.com\/fr\/wp-json\/wp\/v2\/pages\/6323\/revisions"}],"predecessor-version":[{"id":6326,"href":"https:\/\/www.fercam-italia.com\/fr\/wp-json\/wp\/v2\/pages\/6323\/revisions\/6326"}],"wp:attachment":[{"href":"https:\/\/www.fercam-italia.com\/fr\/wp-json\/wp\/v2\/media?parent=6323"}],"curies":[{"name":"wp","href":"https:\/\/api.w.org\/{rel}","templated":true}]}}