{"id":6334,"date":"2022-04-29T14:55:13","date_gmt":"2022-04-29T14:55:13","guid":{"rendered":"https:\/\/www.fercam-italia.com\/prestations-de-service\/produzione-conto-terzi\/"},"modified":"2023-04-18T07:36:15","modified_gmt":"2023-04-18T07:36:15","slug":"production-tierce","status":"publish","type":"page","link":"https:\/\/www.fercam-italia.com\/fr\/prestations-de-service\/production-tierce\/","title":{"rendered":"Production tierce"},"content":{"rendered":"<p>[vc_row][vc_column css=\u00a0\u00bb.vc_custom_1651010343524{background-image: url(https:\/\/www.fercam-italia.com\/wp-content\/uploads\/2022\/04\/semilavorati-fercam.jpg?id=3812) !important;background-position: center !important;background-repeat: no-repeat !important;background-size: cover !important;}\u00a0\u00bb][vc_empty_space height=\u00a0\u00bb450px\u00a0\u00bb][\/vc_column][\/vc_row][vc_row equal_height=\u00a0\u00bbyes\u00a0\u00bb css=\u00a0\u00bb.vc_custom_1662995615481{padding-top: 145px !important;padding-bottom: 132px !important;}\u00a0\u00bb][vc_column width=\u00a0\u00bb1\/4&Prime;][\/vc_column][vc_column width=\u00a0\u00bb1\/2&Prime; css=\u00a0\u00bb.vc_custom_1651008793730{margin-right: 15px !important;margin-left: 15px !important;}\u00a0\u00bb]<div class=\"mkdf-elements-holder   mkdf-one-column  mkdf-responsive-mode-768 \" ><div class=\"mkdf-eh-item   mkdf-horizontal-alignment-center  \" data-item-class=\"mkdf-eh-custom-7354\" data-1025-1399=\"0px 0px 0px 0px\" data-769-1024=\"0px 0px 0px 0px\" data-681-768=\"0px 0px 0px 0px\" data-680=\"0px 0px 0px 0px\">\n\t<div class=\"mkdf-eh-background-holder\"  ><\/div>\n\t<div class=\"mkdf-eh-item-inner\">\n\t\t<div class=\"mkdf-eh-item-content mkdf-eh-custom-7354\" style=\"padding: 0px 70px 0px 70px\">\n\t\t\t<div class=\"mkdf-section-title-holder  mkdf-st-top-tagline-position mkdf-st-center-position mkdf-st-bottom-image-position \" style=\"text-align: center\">\n\t<div class=\"mkdf-st-inner\">\n\t\t\t\t\t\t\t<span class=\"mkdf-st-tagline\" style=\"color: #e5e5e5;margin-bottom: 0px\">\n\t\t\t\tNouveaux Cosm\u00e9tiques\t\t\t<\/span>\n\t\t\t\t\t\t\t<h2 class=\"mkdf-st-title\" >\n\t\t\t\tProduction tierce\t\t\t<\/h2>\n\t\t\t\t\t\t\t<h5 class=\"mkdf-st-subtitle\" style=\"font-size: 25px\">\n\t\t\t\tFercam, sp\u00e9cialis\u00e9e depuis plus de trente ans dans la fabrication \u00e0 fa\u00e7on, dispose des comp\u00e9tences et des moyens qui la rendent fiable, capable de satisfaire pleinement les besoins en termes de flexibilit\u00e9 et de rapidit\u00e9 d'ex\u00e9cution. Il a affin\u00e9 ses comp\u00e9tences organisationnelles et technologiques au fil du temps pour r\u00e9pondre aux demandes exigeantes du march\u00e9 cosm\u00e9tique mondial.<br \/>\nFercam accompagne ses clients de la conception du projet aux diff\u00e9rentes \u00e9tapes de production afin d'obtenir un excellent produit. Elle dispose d'un portefeuille de plusieurs milliers de formulations, scrupuleusement \u00e9tudi\u00e9es et capables de garantir toute solution requise.\t\t\t<\/h5>\n\t\t\t\t\t\t\t\t\t\t\t<\/div>\n<\/div>\t\t<\/div>\n\t\t\t<\/div>\n<\/div><\/div>[\/vc_column][vc_column width=\u00a0\u00bb1\/4&Prime;][\/vc_column][\/vc_row]<\/p>\n","protected":false},"excerpt":{"rendered":"<p>[vc_row][vc_column css=\u00a0\u00bb.vc_custom_1651010343524{background-image: url(https:\/\/www.fercam-italia.com\/wp-content\/uploads\/2022\/04\/semilavorati-fercam.jpg?id=3812) !important;background-position: center !important;background-repeat: no-repeat !important;background-size: cover !important;}\u00a0\u00bb][vc_empty_space height=\u00a0\u00bb450px\u00a0\u00bb][\/vc_column][\/vc_row][vc_row equal_height=\u00a0\u00bbyes\u00a0\u00bb css=\u00a0\u00bb.vc_custom_1662995615481{padding-top: 145px !important;padding-bottom: 132px !important;}\u00a0\u00bb][vc_column width=\u00a0\u00bb1\/4&Prime;][\/vc_column][vc_column width=\u00a0\u00bb1\/2&Prime; css=\u00a0\u00bb.vc_custom_1651008793730{margin-right: 15px !important;margin-left: 15px !important;}\u00a0\u00bb][\/vc_column][vc_column width=\u00a0\u00bb1\/4&Prime;][\/vc_column][\/vc_row]<\/p>\n","protected":false},"author":1,"featured_media":0,"parent":6330,"menu_order":0,"comment_status":"closed","ping_status":"closed","template":"full-width.php","meta":{"footnotes":""},"class_list":["post-6334","page","type-page","status-publish","hentry"],"yoast_head":"<!-- This site is optimized with the Yoast SEO plugin v20.5 - https:\/\/yoast.com\/wordpress\/plugins\/seo\/ -->\n<title>Production tierce -<\/title>\n<meta name=\"description\" content=\"Fercam Italia Cosmetics S.r.l. Production de produits semi-finis pour les cosm\u00e9tiques tiers.\" \/>\n<meta name=\"robots\" content=\"index, follow, max-snippet:-1, max-image-preview:large, max-video-preview:-1\" \/>\n<link rel=\"canonical\" href=\"https:\/\/www.fercam-italia.com\/fr\/prestations-de-service\/production-tierce\/\" \/>\n<meta property=\"og:locale\" content=\"fr_FR\" \/>\n<meta property=\"og:type\" content=\"article\" \/>\n<meta property=\"og:title\" content=\"Production tierce -\" \/>\n<meta property=\"og:description\" content=\"Fercam Italia Cosmetics S.r.l. Production de produits semi-finis pour les cosm\u00e9tiques tiers.\" \/>\n<meta property=\"og:url\" content=\"https:\/\/www.fercam-italia.com\/fr\/prestations-de-service\/production-tierce\/\" \/>\n<meta property=\"og:site_name\" content=\"Fercam Italia Cosmetics S.r.l. Production de produits semi-finis pour les cosm\u00e9tiques tiers.\" \/>\n<meta property=\"article:modified_time\" content=\"2023-04-18T07:36:15+00:00\" \/>\n<meta name=\"twitter:card\" content=\"summary_large_image\" \/>\n<meta name=\"twitter:label1\" content=\"Dur\u00e9e de lecture estim\u00e9e\" \/>\n\t<meta name=\"twitter:data1\" content=\"1 minute\" \/>\n<script type=\"application\/ld+json\" class=\"yoast-schema-graph\">{\"@context\":\"https:\/\/schema.org\",\"@graph\":[{\"@type\":\"WebPage\",\"@id\":\"https:\/\/www.fercam-italia.com\/fr\/prestations-de-service\/production-tierce\/\",\"url\":\"https:\/\/www.fercam-italia.com\/fr\/prestations-de-service\/production-tierce\/\",\"name\":\"Production tierce -\",\"isPartOf\":{\"@id\":\"https:\/\/www.fercam-italia.com\/#website\"},\"datePublished\":\"2022-04-29T14:55:13+00:00\",\"dateModified\":\"2023-04-18T07:36:15+00:00\",\"description\":\"Fercam Italia Cosmetics S.r.l. Production de produits semi-finis pour les cosm\u00e9tiques tiers.\",\"breadcrumb\":{\"@id\":\"https:\/\/www.fercam-italia.com\/fr\/prestations-de-service\/production-tierce\/#breadcrumb\"},\"inLanguage\":\"fr-FR\",\"potentialAction\":[{\"@type\":\"ReadAction\",\"target\":[\"https:\/\/www.fercam-italia.com\/fr\/prestations-de-service\/production-tierce\/\"]}]},{\"@type\":\"BreadcrumbList\",\"@id\":\"https:\/\/www.fercam-italia.com\/fr\/prestations-de-service\/production-tierce\/#breadcrumb\",\"itemListElement\":[{\"@type\":\"ListItem\",\"position\":1,\"name\":\"Home\",\"item\":\"https:\/\/www.fercam-italia.com\/fr\/\"},{\"@type\":\"ListItem\",\"position\":2,\"name\":\"Service\",\"item\":\"https:\/\/www.fercam-italia.com\/fr\/prestations-de-service\/\"},{\"@type\":\"ListItem\",\"position\":3,\"name\":\"Production tierce\"}]},{\"@type\":\"WebSite\",\"@id\":\"https:\/\/www.fercam-italia.com\/#website\",\"url\":\"https:\/\/www.fercam-italia.com\/\",\"name\":\"Fercam Italia Cosmetics S.r.l. Production de produits semi-finis pour les cosm\u00e9tiques tiers.\",\"description\":\"Fercam Italia CosmeticiS.r.l.\",\"publisher\":{\"@id\":\"https:\/\/www.fercam-italia.com\/#organization\"},\"potentialAction\":[{\"@type\":\"SearchAction\",\"target\":{\"@type\":\"EntryPoint\",\"urlTemplate\":\"https:\/\/www.fercam-italia.com\/?s={search_term_string}\"},\"query-input\":\"required name=search_term_string\"}],\"inLanguage\":\"fr-FR\"},{\"@type\":\"Organization\",\"@id\":\"https:\/\/www.fercam-italia.com\/#organization\",\"name\":\"Fercam Italia Cosmetics S.r.l. Production de produits semi-finis pour les cosm\u00e9tiques tiers.\",\"url\":\"https:\/\/www.fercam-italia.com\/\",\"logo\":{\"@type\":\"ImageObject\",\"inLanguage\":\"fr-FR\",\"@id\":\"https:\/\/www.fercam-italia.com\/#\/schema\/logo\/image\/\",\"url\":\"https:\/\/www.fercam-italia.com\/wp-content\/uploads\/2022\/04\/cropped-fercam-logo-2022-1.png\",\"contentUrl\":\"https:\/\/www.fercam-italia.com\/wp-content\/uploads\/2022\/04\/cropped-fercam-logo-2022-1.png\",\"width\":512,\"height\":512,\"caption\":\"Fercam Italia Cosmetics S.r.l. Production de produits semi-finis pour les cosm\u00e9tiques tiers.\"},\"image\":{\"@id\":\"https:\/\/www.fercam-italia.com\/#\/schema\/logo\/image\/\"}}]}<\/script>\n<!-- \/ Yoast SEO plugin. -->","yoast_head_json":{"title":"Production tierce -","description":"Fercam Italia Cosmetics S.r.l. Production de produits semi-finis pour les cosm\u00e9tiques tiers.","robots":{"index":"index","follow":"follow","max-snippet":"max-snippet:-1","max-image-preview":"max-image-preview:large","max-video-preview":"max-video-preview:-1"},"canonical":"https:\/\/www.fercam-italia.com\/fr\/prestations-de-service\/production-tierce\/","og_locale":"fr_FR","og_type":"article","og_title":"Production tierce -","og_description":"Fercam Italia Cosmetics S.r.l. Production de produits semi-finis pour les cosm\u00e9tiques tiers.","og_url":"https:\/\/www.fercam-italia.com\/fr\/prestations-de-service\/production-tierce\/","og_site_name":"Fercam Italia Cosmetics S.r.l. Production de produits semi-finis pour les cosm\u00e9tiques tiers.","article_modified_time":"2023-04-18T07:36:15+00:00","twitter_card":"summary_large_image","twitter_misc":{"Dur\u00e9e de lecture estim\u00e9e":"1 minute"},"schema":{"@context":"https:\/\/schema.org","@graph":[{"@type":"WebPage","@id":"https:\/\/www.fercam-italia.com\/fr\/prestations-de-service\/production-tierce\/","url":"https:\/\/www.fercam-italia.com\/fr\/prestations-de-service\/production-tierce\/","name":"Production tierce -","isPartOf":{"@id":"https:\/\/www.fercam-italia.com\/#website"},"datePublished":"2022-04-29T14:55:13+00:00","dateModified":"2023-04-18T07:36:15+00:00","description":"Fercam Italia Cosmetics S.r.l. Production de produits semi-finis pour les cosm\u00e9tiques tiers.","breadcrumb":{"@id":"https:\/\/www.fercam-italia.com\/fr\/prestations-de-service\/production-tierce\/#breadcrumb"},"inLanguage":"fr-FR","potentialAction":[{"@type":"ReadAction","target":["https:\/\/www.fercam-italia.com\/fr\/prestations-de-service\/production-tierce\/"]}]},{"@type":"BreadcrumbList","@id":"https:\/\/www.fercam-italia.com\/fr\/prestations-de-service\/production-tierce\/#breadcrumb","itemListElement":[{"@type":"ListItem","position":1,"name":"Home","item":"https:\/\/www.fercam-italia.com\/fr\/"},{"@type":"ListItem","position":2,"name":"Service","item":"https:\/\/www.fercam-italia.com\/fr\/prestations-de-service\/"},{"@type":"ListItem","position":3,"name":"Production tierce"}]},{"@type":"WebSite","@id":"https:\/\/www.fercam-italia.com\/#website","url":"https:\/\/www.fercam-italia.com\/","name":"Fercam Italia Cosmetics S.r.l. Production de produits semi-finis pour les cosm\u00e9tiques tiers.","description":"Fercam Italia CosmeticiS.r.l.","publisher":{"@id":"https:\/\/www.fercam-italia.com\/#organization"},"potentialAction":[{"@type":"SearchAction","target":{"@type":"EntryPoint","urlTemplate":"https:\/\/www.fercam-italia.com\/?s={search_term_string}"},"query-input":"required name=search_term_string"}],"inLanguage":"fr-FR"},{"@type":"Organization","@id":"https:\/\/www.fercam-italia.com\/#organization","name":"Fercam Italia Cosmetics S.r.l. Production de produits semi-finis pour les cosm\u00e9tiques tiers.","url":"https:\/\/www.fercam-italia.com\/","logo":{"@type":"ImageObject","inLanguage":"fr-FR","@id":"https:\/\/www.fercam-italia.com\/#\/schema\/logo\/image\/","url":"https:\/\/www.fercam-italia.com\/wp-content\/uploads\/2022\/04\/cropped-fercam-logo-2022-1.png","contentUrl":"https:\/\/www.fercam-italia.com\/wp-content\/uploads\/2022\/04\/cropped-fercam-logo-2022-1.png","width":512,"height":512,"caption":"Fercam Italia Cosmetics S.r.l. Production de produits semi-finis pour les cosm\u00e9tiques tiers."},"image":{"@id":"https:\/\/www.fercam-italia.com\/#\/schema\/logo\/image\/"}}]}},"_links":{"self":[{"href":"https:\/\/www.fercam-italia.com\/fr\/wp-json\/wp\/v2\/pages\/6334","targetHints":{"allow":["GET"]}}],"collection":[{"href":"https:\/\/www.fercam-italia.com\/fr\/wp-json\/wp\/v2\/pages"}],"about":[{"href":"https:\/\/www.fercam-italia.com\/fr\/wp-json\/wp\/v2\/types\/page"}],"author":[{"embeddable":true,"href":"https:\/\/www.fercam-italia.com\/fr\/wp-json\/wp\/v2\/users\/1"}],"replies":[{"embeddable":true,"href":"https:\/\/www.fercam-italia.com\/fr\/wp-json\/wp\/v2\/comments?post=6334"}],"version-history":[{"count":1,"href":"https:\/\/www.fercam-italia.com\/fr\/wp-json\/wp\/v2\/pages\/6334\/revisions"}],"predecessor-version":[{"id":6335,"href":"https:\/\/www.fercam-italia.com\/fr\/wp-json\/wp\/v2\/pages\/6334\/revisions\/6335"}],"up":[{"embeddable":true,"href":"https:\/\/www.fercam-italia.com\/fr\/wp-json\/wp\/v2\/pages\/6330"}],"wp:attachment":[{"href":"https:\/\/www.fercam-italia.com\/fr\/wp-json\/wp\/v2\/media?parent=6334"}],"curies":[{"name":"wp","href":"https:\/\/api.w.org\/{rel}","templated":true}]}}