{"id":6338,"date":"2022-04-26T21:03:57","date_gmt":"2022-04-26T21:03:57","guid":{"rendered":"https:\/\/www.fercam-italia.com\/prestations-de-service\/produzione-semi-lavorati\/"},"modified":"2023-04-18T07:40:44","modified_gmt":"2023-04-18T07:40:44","slug":"production-semi-finie","status":"publish","type":"page","link":"https:\/\/www.fercam-italia.com\/fr\/prestations-de-service\/production-semi-finie\/","title":{"rendered":"Production semi-finie"},"content":{"rendered":"<p>[vc_row][vc_column css=\u00a0\u00bb.vc_custom_1663147745197{background-image: url(https:\/\/www.fercam-italia.com\/wp-content\/uploads\/2022\/09\/semilavorati-1.jpg?id=4060) !important;background-position: center !important;background-repeat: no-repeat !important;background-size: cover !important;}\u00a0\u00bb][vc_empty_space height=\u00a0\u00bb450px\u00a0\u00bb][\/vc_column][\/vc_row][vc_row equal_height=\u00a0\u00bbyes\u00a0\u00bb css=\u00a0\u00bb.vc_custom_1662996086918{padding-top: 145px !important;padding-bottom: 132px !important;}\u00a0\u00bb][vc_column width=\u00a0\u00bb1\/4&Prime;][\/vc_column][vc_column width=\u00a0\u00bb1\/2&Prime; css=\u00a0\u00bb.vc_custom_1651008793730{margin-right: 15px !important;margin-left: 15px !important;}\u00a0\u00bb]<div class=\"mkdf-elements-holder   mkdf-one-column  mkdf-responsive-mode-768 \" ><div class=\"mkdf-eh-item   mkdf-horizontal-alignment-center  \" data-item-class=\"mkdf-eh-custom-7389\" data-1025-1399=\"0px 0px 0px 0px\" data-769-1024=\"0px 0px 0px 0px\" data-681-768=\"0px 0px 0px 0px\" data-680=\"0px 0px 0px 0px\">\n\t<div class=\"mkdf-eh-background-holder\"  ><\/div>\n\t<div class=\"mkdf-eh-item-inner\">\n\t\t<div class=\"mkdf-eh-item-content mkdf-eh-custom-7389\" style=\"padding: 0px 70px 0px 70px\">\n\t\t\t<div class=\"mkdf-section-title-holder  mkdf-st-top-tagline-position mkdf-st-center-position mkdf-st-bottom-image-position \" style=\"text-align: center\">\n\t<div class=\"mkdf-st-inner\">\n\t\t\t\t\t\t\t<span class=\"mkdf-st-tagline\" style=\"color: #e5e5e5;margin-bottom: 0px\">\n\t\t\t\tNouveaux Cosm\u00e9tiques\t\t\t<\/span>\n\t\t\t\t\t\t\t<h2 class=\"mkdf-st-title\" >\n\t\t\t\tProduction semi-finie\t\t\t<\/h2>\n\t\t\t\t\t\t\t<h5 class=\"mkdf-st-subtitle\" style=\"font-size: 25px\">\n\t\t\t\tProduction de produits semi-finis pour produits cosm\u00e9tiques. L'entreprise utilise des \u00e9quipements \u00e0 la pointe de la technologie, notamment :<br \/>\nCompacteurs, turbo\u00e9mulsificateurs, fondoirs, laminateurs, broyeurs \u00e0 chevilles, m\u00e9langeurs de poudre, m\u00e9langeurs de fluides, disperseurs, machines de tamisage.\t\t\t<\/h5>\n\t\t\t\t\t\t\t\t\t\t\t<\/div>\n<\/div>\t\t<\/div>\n\t\t\t<\/div>\n<\/div><\/div>[\/vc_column][vc_column width=\u00a0\u00bb1\/4&Prime;][\/vc_column][\/vc_row][vc_row equal_height=\u00a0\u00bbyes\u00a0\u00bb][vc_column]<div class=\"mkdf-elements-holder   mkdf-two-columns  mkdf-responsive-mode-768 \" ><div class=\"mkdf-eh-item     \" data-item-class=\"mkdf-eh-custom-7778\" data-681-768=\"40% 0 40% 0%\" data-680=\"40% 0 40% 0%\">\n\t<div class=\"mkdf-eh-background-holder\" style=\"background-image: url(https:\/\/www.fercam-italia.com\/wp-content\/uploads\/2022\/09\/DSC00487.jpg)\" ><\/div>\n\t<div class=\"mkdf-eh-item-inner\">\n\t\t<div class=\"mkdf-eh-item-content mkdf-eh-custom-7778\" style=\"padding: 0 0 0 0\">\n\t\t\t\t\t<\/div>\n\t\t\t<\/div>\n<\/div><div class=\"mkdf-eh-item     \" data-item-class=\"mkdf-eh-custom-3944\" data-1400-1600=\"120px 22% 120px 80px\" data-1025-1399=\"120px 22% 120px 80px\" data-769-1024=\"100px 16% 100px 40px\" data-681-768=\"140px 20% 140px 117px\" data-680=\"100px 7% 100px 35px\">\n\t<div class=\"mkdf-eh-background-holder\"  ><\/div>\n\t<div class=\"mkdf-eh-item-inner\">\n\t\t<div class=\"mkdf-eh-item-content mkdf-eh-custom-3944\" style=\"padding: 204px 34% 209px 117px\">\n\t\t\t<div class=\"mkdf-section-title-holder  mkdf-st-top-tagline-position mkdf-st-left-position mkdf-st-bottom-image-position \" style=\"text-align: left\">\n\t<div class=\"mkdf-st-inner\">\n\t\t\t\t\t\t\t<span class=\"mkdf-st-tagline\" style=\"margin-bottom: 8px\">\n\t\t\t\tVision\t\t\t<\/span>\n\t\t\t\t\t\t\t<h2 class=\"mkdf-st-title\" >\n\t\t\t\tTechnologie\t\t\t<\/h2>\n\t\t\t\t\t\t\t<h5 class=\"mkdf-st-subtitle\" style=\"font-size: 28px;margin-top: 6px\">\n\t\t\t\tLes technologies de pointe dont nous disposons nous permettent de satisfaire les demandes des clients en produisant aussi bien de petites que de grandes quantit\u00e9s.<br \/>\n\t\t\t<\/h5>\n\t\t\t\t\t\t\t<p class=\"mkdf-st-text\" style=\"font-size: 20px;margin-top: 19px\">\n\t\t\t\tD\u00e9lais de production et de livraison : 4 \u00e0 6 semaines ouvrables \u00e0 compter de la commande\t\t\t<\/p>\n\t\t\t\t\t\t\t\t\t<\/div>\n<\/div>[vc_empty_space height=\u00a0\u00bb34px\u00a0\u00bb]\t\t<\/div>\n\t\t\t<\/div>\n<\/div><\/div>[\/vc_column][\/vc_row][vc_row equal_height=\u00a0\u00bbyes\u00a0\u00bb][vc_column]<div class=\"mkdf-elements-holder   mkdf-two-columns  mkdf-responsive-mode-768 \" ><div class=\"mkdf-eh-item     \" data-item-class=\"mkdf-eh-custom-6248\" data-1400-1600=\"120px 22% 120px 80px\" data-1025-1399=\"120px 22% 120px 80px\" data-769-1024=\"100px 16% 100px 40px\" data-681-768=\"140px 20% 140px 117px\" data-680=\"100px 7% 100px 35px\">\n\t<div class=\"mkdf-eh-background-holder\"  ><\/div>\n\t<div class=\"mkdf-eh-item-inner\">\n\t\t<div class=\"mkdf-eh-item-content mkdf-eh-custom-6248\" style=\"padding: 204px 34% 209px 117px\">\n\t\t\t<div class=\"mkdf-section-title-holder  mkdf-st-top-tagline-position mkdf-st-left-position mkdf-st-bottom-image-position \" style=\"text-align: left\">\n\t<div class=\"mkdf-st-inner\">\n\t\t\t\t\t\t\t<span class=\"mkdf-st-tagline\" style=\"margin-bottom: 8px\">\n\t\t\t\tCibles\t\t\t<\/span>\n\t\t\t\t\t\t\t<h2 class=\"mkdf-st-title\" >\n\t\t\t\tFournir\t\t\t<\/h2>\n\t\t\t\t\t\t\t<h5 class=\"mkdf-st-subtitle\" >\n\t\t\t\tSur la base de la demande des clients, nos produits peuvent \u00eatre fournis en tant que :\t\t\t<\/h5>\n\t\t\t\t\t\t\t<p class=\"mkdf-st-text\" style=\"font-size: 20px;margin-top: 19px\">\n\t\t\t\t- PS (produits en vrac en vrac)<br \/>\n- SL (produits semi-finis)<br \/>\n- FULL SERVICE : produits d\u00e9velopp\u00e9s \u00e9tape par \u00e9tape depuis le premier briefing client jusqu'au march\u00e9.\t\t\t<\/p>\n\t\t\t\t\t\t\t\t\t<\/div>\n<\/div>[vc_empty_space height=\u00a0\u00bb34px\u00a0\u00bb]<a itemprop=\"url\" href=\"https:\/\/www.fercam-italia.com\/fr\/contactez-nous\/\" target=\"_self\"  class=\"mkdf-btn mkdf-btn-medium mkdf-btn-outline\"  >\n    <span class=\"mkdf-btn-text\">CONTACTEZ-NOUS<\/span>\n    <\/a>\t\t<\/div>\n\t\t\t<\/div>\n<\/div><div class=\"mkdf-eh-item   mkdf-horizontal-alignment-center  \" data-item-class=\"mkdf-eh-custom-2458\" data-681-768=\"35% 0 35% 0\" data-680=\"65% 0 70% 0\">\n\t<div class=\"mkdf-eh-background-holder\" style=\"background-image: url(https:\/\/www.fercam-italia.com\/wp-content\/uploads\/2022\/09\/DSC00599.jpg)\" ><\/div>\n\t<div class=\"mkdf-eh-item-inner\">\n\t\t<div class=\"mkdf-eh-item-content mkdf-eh-custom-2458\" style=\"padding: 0 0 0 0\">\n\t\t\t\t\t<\/div>\n\t\t\t<\/div>\n<\/div><\/div>[\/vc_column][\/vc_row][vc_row equal_height=\u00a0\u00bbyes\u00a0\u00bb][vc_column]<div class=\"mkdf-elements-holder   mkdf-two-columns  mkdf-responsive-mode-768 \" ><div class=\"mkdf-eh-item     \" data-item-class=\"mkdf-eh-custom-4634\" data-681-768=\"40% 0 40% 0%\" data-680=\"40% 0 40% 0%\">\n\t<div class=\"mkdf-eh-background-holder\" style=\"background-image: url(https:\/\/www.fercam-italia.com\/wp-content\/uploads\/2022\/09\/DSC00577.jpg)\" ><\/div>\n\t<div class=\"mkdf-eh-item-inner\">\n\t\t<div class=\"mkdf-eh-item-content mkdf-eh-custom-4634\" style=\"padding: 0 0 0 0\">\n\t\t\t\t\t<\/div>\n\t\t\t<\/div>\n<\/div><div class=\"mkdf-eh-item     \" data-item-class=\"mkdf-eh-custom-1459\" data-1400-1600=\"120px 22% 120px 80px\" data-1025-1399=\"120px 22% 120px 80px\" data-769-1024=\"100px 16% 100px 40px\" data-681-768=\"140px 20% 140px 117px\" data-680=\"100px 7% 100px 35px\">\n\t<div class=\"mkdf-eh-background-holder\"  ><\/div>\n\t<div class=\"mkdf-eh-item-inner\">\n\t\t<div class=\"mkdf-eh-item-content mkdf-eh-custom-1459\" style=\"padding: 204px 34% 209px 117px\">\n\t\t\t<div class=\"mkdf-section-title-holder  mkdf-st-top-tagline-position mkdf-st-left-position mkdf-st-bottom-image-position \" style=\"text-align: left\">\n\t<div class=\"mkdf-st-inner\">\n\t\t\t\t\t\t\t<span class=\"mkdf-st-tagline\" style=\"margin-bottom: 8px\">\n\t\t\t\tCreative\t\t\t<\/span>\n\t\t\t\t\t\t\t<h2 class=\"mkdf-st-title\" >\n\t\t\t\tCreativit\u00e0 e qualit\u00e0\t\t\t<\/h2>\n\t\t\t\t\t\t\t<h5 class=\"mkdf-st-subtitle\" style=\"font-size: 28px;margin-top: 6px\">\n\t\t\t\tSiamo sempre alla ricerca di nuove idee\t\t\t<\/h5>\n\t\t\t\t\t\t\t<p class=\"mkdf-st-text\" style=\"font-size: 20px;margin-top: 19px\">\n\t\t\t\tOrientati alla soddisfazione del cliente attraverso velocit\u00e0 e qualit\u00e0 del servizio.<br \/>\nMiriamo ad una crescita costante e ad un allargamento del mercato.\t\t\t<\/p>\n\t\t\t\t\t\t\t\t\t<\/div>\n<\/div>[vc_empty_space height=\u00a0\u00bb34px\u00a0\u00bb]\t\t<\/div>\n\t\t\t<\/div>\n<\/div><\/div>[\/vc_column][\/vc_row]<\/p>\n","protected":false},"excerpt":{"rendered":"<p>[vc_row][vc_column css=\u00a0\u00bb.vc_custom_1663147745197{background-image: url(https:\/\/www.fercam-italia.com\/wp-content\/uploads\/2022\/09\/semilavorati-1.jpg?id=4060) !important;background-position: center !important;background-repeat: no-repeat !important;background-size: cover !important;}\u00a0\u00bb][vc_empty_space height=\u00a0\u00bb450px\u00a0\u00bb][\/vc_column][\/vc_row][vc_row equal_height=\u00a0\u00bbyes\u00a0\u00bb css=\u00a0\u00bb.vc_custom_1662996086918{padding-top: 145px !important;padding-bottom: 132px !important;}\u00a0\u00bb][vc_column width=\u00a0\u00bb1\/4&Prime;][\/vc_column][vc_column width=\u00a0\u00bb1\/2&Prime; css=\u00a0\u00bb.vc_custom_1651008793730{margin-right: 15px !important;margin-left: 15px !important;}\u00a0\u00bb][\/vc_column][vc_column width=\u00a0\u00bb1\/4&Prime;][\/vc_column][\/vc_row][vc_row equal_height=\u00a0\u00bbyes\u00a0\u00bb][vc_column][\/vc_column][\/vc_row][vc_row equal_height=\u00a0\u00bbyes\u00a0\u00bb][vc_column][\/vc_column][\/vc_row][vc_row equal_height=\u00a0\u00bbyes\u00a0\u00bb][vc_column][\/vc_column][\/vc_row]<\/p>\n","protected":false},"author":1,"featured_media":0,"parent":6330,"menu_order":0,"comment_status":"closed","ping_status":"closed","template":"full-width.php","meta":{"footnotes":""},"class_list":["post-6338","page","type-page","status-publish","hentry"],"yoast_head":"<!-- This site is optimized with the Yoast SEO plugin v20.5 - https:\/\/yoast.com\/wordpress\/plugins\/seo\/ -->\n<title>Production semi-finie -<\/title>\n<meta name=\"description\" content=\"Fercam Italia Cosmetics S.r.l. Production de produits semi-finis pour les cosm\u00e9tiques tiers.\" \/>\n<meta name=\"robots\" content=\"index, follow, max-snippet:-1, max-image-preview:large, max-video-preview:-1\" \/>\n<link rel=\"canonical\" href=\"https:\/\/www.fercam-italia.com\/fr\/prestations-de-service\/production-semi-finie\/\" \/>\n<meta property=\"og:locale\" content=\"fr_FR\" \/>\n<meta property=\"og:type\" content=\"article\" \/>\n<meta property=\"og:title\" content=\"Production semi-finie -\" \/>\n<meta property=\"og:description\" content=\"Fercam Italia Cosmetics S.r.l. Production de produits semi-finis pour les cosm\u00e9tiques tiers.\" \/>\n<meta property=\"og:url\" content=\"https:\/\/www.fercam-italia.com\/fr\/prestations-de-service\/production-semi-finie\/\" \/>\n<meta property=\"og:site_name\" content=\"Fercam Italia Cosmetics S.r.l. Production de produits semi-finis pour les cosm\u00e9tiques tiers.\" \/>\n<meta property=\"article:modified_time\" content=\"2023-04-18T07:40:44+00:00\" \/>\n<meta name=\"twitter:card\" content=\"summary_large_image\" \/>\n<meta name=\"twitter:label1\" content=\"Dur\u00e9e de lecture estim\u00e9e\" \/>\n\t<meta name=\"twitter:data1\" content=\"4 minutes\" \/>\n<script type=\"application\/ld+json\" class=\"yoast-schema-graph\">{\"@context\":\"https:\/\/schema.org\",\"@graph\":[{\"@type\":\"WebPage\",\"@id\":\"https:\/\/www.fercam-italia.com\/fr\/prestations-de-service\/production-semi-finie\/\",\"url\":\"https:\/\/www.fercam-italia.com\/fr\/prestations-de-service\/production-semi-finie\/\",\"name\":\"Production semi-finie -\",\"isPartOf\":{\"@id\":\"https:\/\/www.fercam-italia.com\/#website\"},\"datePublished\":\"2022-04-26T21:03:57+00:00\",\"dateModified\":\"2023-04-18T07:40:44+00:00\",\"description\":\"Fercam Italia Cosmetics S.r.l. Production de produits semi-finis pour les cosm\u00e9tiques tiers.\",\"breadcrumb\":{\"@id\":\"https:\/\/www.fercam-italia.com\/fr\/prestations-de-service\/production-semi-finie\/#breadcrumb\"},\"inLanguage\":\"fr-FR\",\"potentialAction\":[{\"@type\":\"ReadAction\",\"target\":[\"https:\/\/www.fercam-italia.com\/fr\/prestations-de-service\/production-semi-finie\/\"]}]},{\"@type\":\"BreadcrumbList\",\"@id\":\"https:\/\/www.fercam-italia.com\/fr\/prestations-de-service\/production-semi-finie\/#breadcrumb\",\"itemListElement\":[{\"@type\":\"ListItem\",\"position\":1,\"name\":\"Home\",\"item\":\"https:\/\/www.fercam-italia.com\/fr\/\"},{\"@type\":\"ListItem\",\"position\":2,\"name\":\"Service\",\"item\":\"https:\/\/www.fercam-italia.com\/fr\/prestations-de-service\/\"},{\"@type\":\"ListItem\",\"position\":3,\"name\":\"Production semi-finie\"}]},{\"@type\":\"WebSite\",\"@id\":\"https:\/\/www.fercam-italia.com\/#website\",\"url\":\"https:\/\/www.fercam-italia.com\/\",\"name\":\"Fercam Italia Cosmetics S.r.l. Production de produits semi-finis pour les cosm\u00e9tiques tiers.\",\"description\":\"Fercam Italia CosmeticiS.r.l.\",\"publisher\":{\"@id\":\"https:\/\/www.fercam-italia.com\/#organization\"},\"potentialAction\":[{\"@type\":\"SearchAction\",\"target\":{\"@type\":\"EntryPoint\",\"urlTemplate\":\"https:\/\/www.fercam-italia.com\/?s={search_term_string}\"},\"query-input\":\"required name=search_term_string\"}],\"inLanguage\":\"fr-FR\"},{\"@type\":\"Organization\",\"@id\":\"https:\/\/www.fercam-italia.com\/#organization\",\"name\":\"Fercam Italia Cosmetics S.r.l. Production de produits semi-finis pour les cosm\u00e9tiques tiers.\",\"url\":\"https:\/\/www.fercam-italia.com\/\",\"logo\":{\"@type\":\"ImageObject\",\"inLanguage\":\"fr-FR\",\"@id\":\"https:\/\/www.fercam-italia.com\/#\/schema\/logo\/image\/\",\"url\":\"https:\/\/www.fercam-italia.com\/wp-content\/uploads\/2022\/04\/cropped-fercam-logo-2022-1.png\",\"contentUrl\":\"https:\/\/www.fercam-italia.com\/wp-content\/uploads\/2022\/04\/cropped-fercam-logo-2022-1.png\",\"width\":512,\"height\":512,\"caption\":\"Fercam Italia Cosmetics S.r.l. Production de produits semi-finis pour les cosm\u00e9tiques tiers.\"},\"image\":{\"@id\":\"https:\/\/www.fercam-italia.com\/#\/schema\/logo\/image\/\"}}]}<\/script>\n<!-- \/ Yoast SEO plugin. -->","yoast_head_json":{"title":"Production semi-finie -","description":"Fercam Italia Cosmetics S.r.l. Production de produits semi-finis pour les cosm\u00e9tiques tiers.","robots":{"index":"index","follow":"follow","max-snippet":"max-snippet:-1","max-image-preview":"max-image-preview:large","max-video-preview":"max-video-preview:-1"},"canonical":"https:\/\/www.fercam-italia.com\/fr\/prestations-de-service\/production-semi-finie\/","og_locale":"fr_FR","og_type":"article","og_title":"Production semi-finie -","og_description":"Fercam Italia Cosmetics S.r.l. Production de produits semi-finis pour les cosm\u00e9tiques tiers.","og_url":"https:\/\/www.fercam-italia.com\/fr\/prestations-de-service\/production-semi-finie\/","og_site_name":"Fercam Italia Cosmetics S.r.l. Production de produits semi-finis pour les cosm\u00e9tiques tiers.","article_modified_time":"2023-04-18T07:40:44+00:00","twitter_card":"summary_large_image","twitter_misc":{"Dur\u00e9e de lecture estim\u00e9e":"4 minutes"},"schema":{"@context":"https:\/\/schema.org","@graph":[{"@type":"WebPage","@id":"https:\/\/www.fercam-italia.com\/fr\/prestations-de-service\/production-semi-finie\/","url":"https:\/\/www.fercam-italia.com\/fr\/prestations-de-service\/production-semi-finie\/","name":"Production semi-finie -","isPartOf":{"@id":"https:\/\/www.fercam-italia.com\/#website"},"datePublished":"2022-04-26T21:03:57+00:00","dateModified":"2023-04-18T07:40:44+00:00","description":"Fercam Italia Cosmetics S.r.l. Production de produits semi-finis pour les cosm\u00e9tiques tiers.","breadcrumb":{"@id":"https:\/\/www.fercam-italia.com\/fr\/prestations-de-service\/production-semi-finie\/#breadcrumb"},"inLanguage":"fr-FR","potentialAction":[{"@type":"ReadAction","target":["https:\/\/www.fercam-italia.com\/fr\/prestations-de-service\/production-semi-finie\/"]}]},{"@type":"BreadcrumbList","@id":"https:\/\/www.fercam-italia.com\/fr\/prestations-de-service\/production-semi-finie\/#breadcrumb","itemListElement":[{"@type":"ListItem","position":1,"name":"Home","item":"https:\/\/www.fercam-italia.com\/fr\/"},{"@type":"ListItem","position":2,"name":"Service","item":"https:\/\/www.fercam-italia.com\/fr\/prestations-de-service\/"},{"@type":"ListItem","position":3,"name":"Production semi-finie"}]},{"@type":"WebSite","@id":"https:\/\/www.fercam-italia.com\/#website","url":"https:\/\/www.fercam-italia.com\/","name":"Fercam Italia Cosmetics S.r.l. Production de produits semi-finis pour les cosm\u00e9tiques tiers.","description":"Fercam Italia CosmeticiS.r.l.","publisher":{"@id":"https:\/\/www.fercam-italia.com\/#organization"},"potentialAction":[{"@type":"SearchAction","target":{"@type":"EntryPoint","urlTemplate":"https:\/\/www.fercam-italia.com\/?s={search_term_string}"},"query-input":"required name=search_term_string"}],"inLanguage":"fr-FR"},{"@type":"Organization","@id":"https:\/\/www.fercam-italia.com\/#organization","name":"Fercam Italia Cosmetics S.r.l. Production de produits semi-finis pour les cosm\u00e9tiques tiers.","url":"https:\/\/www.fercam-italia.com\/","logo":{"@type":"ImageObject","inLanguage":"fr-FR","@id":"https:\/\/www.fercam-italia.com\/#\/schema\/logo\/image\/","url":"https:\/\/www.fercam-italia.com\/wp-content\/uploads\/2022\/04\/cropped-fercam-logo-2022-1.png","contentUrl":"https:\/\/www.fercam-italia.com\/wp-content\/uploads\/2022\/04\/cropped-fercam-logo-2022-1.png","width":512,"height":512,"caption":"Fercam Italia Cosmetics S.r.l. Production de produits semi-finis pour les cosm\u00e9tiques tiers."},"image":{"@id":"https:\/\/www.fercam-italia.com\/#\/schema\/logo\/image\/"}}]}},"_links":{"self":[{"href":"https:\/\/www.fercam-italia.com\/fr\/wp-json\/wp\/v2\/pages\/6338","targetHints":{"allow":["GET"]}}],"collection":[{"href":"https:\/\/www.fercam-italia.com\/fr\/wp-json\/wp\/v2\/pages"}],"about":[{"href":"https:\/\/www.fercam-italia.com\/fr\/wp-json\/wp\/v2\/types\/page"}],"author":[{"embeddable":true,"href":"https:\/\/www.fercam-italia.com\/fr\/wp-json\/wp\/v2\/users\/1"}],"replies":[{"embeddable":true,"href":"https:\/\/www.fercam-italia.com\/fr\/wp-json\/wp\/v2\/comments?post=6338"}],"version-history":[{"count":2,"href":"https:\/\/www.fercam-italia.com\/fr\/wp-json\/wp\/v2\/pages\/6338\/revisions"}],"predecessor-version":[{"id":6340,"href":"https:\/\/www.fercam-italia.com\/fr\/wp-json\/wp\/v2\/pages\/6338\/revisions\/6340"}],"up":[{"embeddable":true,"href":"https:\/\/www.fercam-italia.com\/fr\/wp-json\/wp\/v2\/pages\/6330"}],"wp:attachment":[{"href":"https:\/\/www.fercam-italia.com\/fr\/wp-json\/wp\/v2\/media?parent=6338"}],"curies":[{"name":"wp","href":"https:\/\/api.w.org\/{rel}","templated":true}]}}